{"id":820,"date":"2015-03-26T09:36:28","date_gmt":"2015-03-26T08:36:28","guid":{"rendered":"https:\/\/www.hotellidocattolica.com\/la-maison-lido-puoi-risparmiare-senza-rinunciare-al-comfort-2\/"},"modified":"2017-03-20T18:51:21","modified_gmt":"2017-03-20T17:51:21","slug":"la-maison-lido","status":"publish","type":"page","link":"https:\/\/www.hotellidocattolica.com\/de\/la-maison-lido\/","title":{"rendered":"La Maison Lido Cattolica: Residenz am Meer"},"content":{"rendered":"<h2>Entdecken Familienzimmer<\/h2>\n<p><strong>Unsere &#8222;Maison Lido&#8220; wurde im Sommer 2015 renoviert. <\/strong>La Maison Lido befindet sich neben dem Hotel zwischen Via Dante und Via Milano.<br \/>\nAlle Zimmer sind renoviert und verf\u00fcgen \u00fcber Balkon, TV, Minibar, Klimaanlage, eigenem Bad mit Dusche, Wi-Fi.<\/p>\n<p>Neben der t\u00e4glichen Reinigung des Morgens, die Zimmer sind am Nachmittag gereinigt werden, um noch mehr Ordnung, Sauberkeit und Komfort zu gew\u00e4hrleisten.<\/p>\n<p>Wenn Sie diese Unterkunft w\u00e4hlen, werden Sie die M\u00f6glichkeit, alle Annehmlichkeiten zu genie\u00dfen und viel breiteren Raum zu genie\u00dfen. Die meisten der Zimmer verf\u00fcgt \u00fcber zwei Zimmer mit einem gemeinsamen Bad f\u00fcr bis zu 6 Personen, ideal f\u00fcr Familien.<br \/>\nAlle <strong>Hotel-Dienstleistungen<\/strong> stehen den G\u00e4sten des Maison: Restaurant, Pool, Fahrr\u00e4der, Animation f\u00fcr Kinder etc ..<\/p>\n<table style=\"height: 466px;\" width=\"803\">\n<tbody>\n<tr>\n<td><strong>Preisliste 2016<\/strong><\/td>\n<td>\u00a030\/4-10\/6\u00a0\u00a0 03\/9-30\/9<\/td>\n<td>\u00a011\/6-08\/7\u00a0\u00a0 27\/8-02\/9<\/td>\n<td>\u00a009\/7-29\/7 \u00a0 20\/8-26\/8<\/td>\n<td>30\/7-19\/8<\/td>\n<\/tr>\n<tr>\n<td>\u00a0Classic\u00a0 Zimmer &#8211; Wochenpreis pro Zimmer\u00a0<strong>2 Personen<\/strong><\/td>\n<td>\u00a0von \u20ac 588*<\/p>\n<p>bis\u00a0 \u20ac 812 *<\/td>\n<td>\u00a0von\u00a0 \u20ac 868<\/p>\n<p>bis\u00a0 \u20ac 1022<\/td>\n<td>\u00a0von \u20ac 910<\/p>\n<p>bis\u00a0 \u20ac 1064<\/td>\n<td>\u00a0von\u20ac1050<\/p>\n<p>bis \u20ac 1232<\/td>\n<\/tr>\n<tr>\n<td>\u00a0Family\u00a0 Maison\u00a0 &#8211; Wochenpreis pro Zimmer\u00a0 <strong>4 Personen<\/strong><\/td>\n<td>\u00a0von \u20ac 980*<\/p>\n<p>bis \u20ac 1120 *<\/td>\n<td>\u00a0von \u20ac 1456<\/p>\n<p>bis\u00a0 \u20ac 1680<\/td>\n<td>\u00a0von \u20ac 1736<\/p>\n<p>bis\u00a0 \u20ac 1876<\/td>\n<td>\u00a0von\u20ac1932<\/p>\n<p>bis\u00a0 \u20ac2100<\/td>\n<\/tr>\n<tr>\n<td>\u00a0Family Maison &#8211; Wochenpreis pro Zimmer\u00a0 6<strong> Personen<\/strong><\/td>\n<td>\u00a0von \u20ac 1302*<\/p>\n<p>bis\u00a0 \u20ac 1470*<\/td>\n<td>\u00a0von \u20ac 1932<\/p>\n<p>bis \u20ac 2184<\/td>\n<td>\u00a0von \u20ac 2226<\/p>\n<p>bis \u00a0 \u20ac 2436,00<\/td>\n<td>\u00a0von\u20ac2478<\/p>\n<p>bis \u20ac 2688<\/td>\n<\/tr>\n<\/tbody>\n<\/table>\n<p>*All inclusive<\/p>\n<p>HINWEIS: Die Preise sind pro Woche and Zimmer f\u00fcr einen kompletten Aufenthalt von mindestens 7 Tage, die min. und max Preis ist abh\u00e4ngig von der Zeit, die Verf\u00fcgbarkeit, die Art von Zimmer.<\/p>\n<p>&#8222;Special All Inclusive&#8220;: f\u00fcr w\u00f6chentliche Aufenthalte von 30\/4 bis 10\/6 und von 03\/9 bis 30\/9 ist All Inclusive im Preis der Vollpension enthalten.<br \/>\nAngebote k\u00f6nnen nicht kombiniert werden.<br \/>\nDetails f\u00fcr besondere Ern\u00e4hrung m\u00fcssen bei der die Reservierung gemeldet werden.<\/p>\n<h3><strong><span style=\"font-size: 18pt;\">Das All Inclusive Angebot beinhaltet:<\/span><\/strong><\/h3>\n<ul>\n<li>Vollpension<\/li>\n<li>Mineralwasser, Hauswein und alkoholfreie Getr\u00e4nke (Coca Cola, Fanta und Sprite Wahl), unbegrenzte Mahlzeiten<\/li>\n<li>Service 1 Sonnenschirm (ab der 4. Reihe) und 2 Liegen Bademeister 76\/77 Bagni Marcello<\/li>\n<li>Parkplatz mit Shuttle-Service zum und vom Hotel<\/li>\n<\/ul>\n<p><span id=\"result_box\" class=\"\" lang=\"de\"><span class=\"hps\">G\u00fcltig f\u00fcr Aufenthalte<\/span> <span class=\"hps\">von 7 Tagen<\/span> <span class=\"hps\">von Mai bis September!<\/span><\/span><\/p>\n<p><span id=\"result_box\" class=\"short_text\" lang=\"de\"><strong><span class=\"hps\">Erm\u00e4\u00dfigungen<\/span><\/strong>: <span class=\"hps\">Halbpension:<\/span> <span class=\"hps\">\u20ac 3,00<\/span><\/span><\/p>\n<ul>\n<li><strong><span id=\"result_box\" class=\"short_text\" lang=\"de\"><span class=\"hps alt-edited\">Zuschlag<\/span> <span class=\"hps alt-edited\">All Inklusive<\/span><\/span>:<\/strong> \u20ac 27,00 am Tag pro Zimmer \u00a0 (belegt von 2 Personen) \u20ac 32,00 am Tag pro Zimmer\u00a0 (belegt von 3 Personen) \u20ac 37,00 am Tag pro Zimmer (belegt von 4 Personen) \u20ac 47,00 am Tag pro Zimmer (belegt von 6 Personen)<\/li>\n<li><span id=\"result_box\" class=\"\" lang=\"de\"><strong><span class=\"hps\">W\u00e4scheservice<\/span> <span class=\"hps alt-edited\">Strandtuch<\/span><\/strong>: \u20ac <span class=\"hps\">5,00 pro Aufenthalt<\/span> <span class=\"hps\">f\u00fcr den t\u00e4glichen<\/span> <span class=\"hps alt-edited\">Wechsel<\/span><\/span><\/li>\n<li><span id=\"result_box\" class=\"\" lang=\"de\"><strong><span class=\"hps\">Parkpl\u00e4tze<\/span><\/strong> in der N<span class=\"hps\">\u00e4he<\/span><strong><span class=\"hps\">\u00a0<\/span><\/strong> <span class=\"hps\">\u20ac 10,00 pro Tag<\/span> <span class=\"hps atn\">(<\/span><span class=\"\">nur mit Reservierung<\/span><span class=\"\">)<\/span><\/span><\/li>\n<li><span id=\"result_box\" class=\"\" lang=\"de\"><strong><span class=\"hps\">Private Parkpl\u00e4tze<\/span><\/strong> <span class=\"hps\">mit<\/span> <span class=\"hps\">Shuttle<\/span> <span class=\"hps\">\u20ac 4,00 pro Tag<\/span> <span class=\"hps atn\">(<\/span>im <span class=\"hps alt-edited\">All Inklusive<\/span> inbegriffen<span class=\"hps\">)<\/span><\/span><\/li>\n<li><span id=\"result_box\" class=\"\" lang=\"de\"><strong><span class=\"hps\">Kleine Haustiere<\/span>:<\/strong> \u20ac 50,00 <span class=\"hps\">pro Aufenthalt<\/span> <span class=\"hps\">f\u00fcr die Endreinigung<\/span> <span class=\"hps\">des Zimmers bei der Abreise<\/span><\/span><\/li>\n<li><span id=\"result_box\" class=\"\" lang=\"de\"><strong><span class=\"hps\"> Gala<\/span> <\/strong><span class=\"hps\"><strong>Ferragosto:<\/strong><\/span> <span class=\"hps\">Erwachsene<\/span> <span class=\"hps\">\u20ac 15,00 &#8211;<\/span> <span class=\"hps\">Kinder<\/span> <span class=\"hps\">2\/10<\/span> <span class=\"hps\">Jahre<\/span> <span class=\"hps\">\u20ac 5,00<\/span> <span class=\"hps\">&#8211;<\/span> <span class=\"hps\">Kinder<\/span> <span class=\"hps\">11\/14<\/span> <span class=\"hps\">Jahre<\/span> \u20ac <span class=\"hps\">10,00 <\/span><\/span><\/li>\n<\/ul>\n<p>Die Zimmer und die Parkpl\u00e4tze sind am Tag der Anreise ab 12.00 Uhr verf\u00fcgbar und um 09.00 Uhr am Tag der Abreise m\u00fcssen die Zimmer frei gelassen werden. Die Vollpension beginnt mit dem Mittagessen und endet mit dem Fr\u00fchst\u00fcck am Tag der Abreise. Die nicht verzehrten Mahlzeiten werden mit einem Lunchpaket ersetzt und k\u00f6nnen nicht vom Endpreis abgezogen werden.<\/p>\n<p>&nbsp;<\/p>\n<p>&nbsp;<\/p>\n\n\t\t<style type=\"text\/css\">\n\t\t\t#gallery-1 {\n\t\t\t\tmargin: auto;\n\t\t\t}\n\t\t\t#gallery-1 .gallery-item {\n\t\t\t\tfloat: left;\n\t\t\t\tmargin-top: 10px;\n\t\t\t\ttext-align: center;\n\t\t\t\twidth: 33%;\n\t\t\t}\n\t\t\t#gallery-1 img {\n\t\t\t\tborder: 2px solid #cfcfcf;\n\t\t\t}\n\t\t\t#gallery-1 .gallery-caption {\n\t\t\t\tmargin-left: 0;\n\t\t\t}\n\t\t\t\/* see gallery_shortcode() in wp-includes\/media.php *\/\n\t\t<\/style>\n\t\t<div id='gallery-1' class='gallery galleryid-820 gallery-columns-3 gallery-size-thumbnail'><dl class='gallery-item'>\n\t\t\t<dt class='gallery-icon landscape'>\n\t\t\t\t<a href='https:\/\/www.hotellidocattolica.com\/wp-content\/uploads\/2015\/03\/DSV7976.jpg' data-rel=\"shadowbox[gallery]\"><img loading=\"lazy\" decoding=\"async\" width=\"214\" height=\"186\" src=\"https:\/\/www.hotellidocattolica.com\/wp-content\/uploads\/2015\/03\/DSV7976-214x186.jpg\" class=\"attachment-thumbnail size-thumbnail\" alt=\"Hotel Lido Cattolica camere belle\" \/><\/a>\n\t\t\t<\/dt><\/dl><dl class='gallery-item'>\n\t\t\t<dt class='gallery-icon landscape'>\n\t\t\t\t<a href='https:\/\/www.hotellidocattolica.com\/wp-content\/uploads\/2015\/03\/DSV7961.jpg' data-rel=\"shadowbox[gallery]\"><img loading=\"lazy\" decoding=\"async\" width=\"214\" height=\"186\" src=\"https:\/\/www.hotellidocattolica.com\/wp-content\/uploads\/2015\/03\/DSV7961-214x186.jpg\" class=\"attachment-thumbnail size-thumbnail\" alt=\"Hotel Lido Cattolica\" \/><\/a>\n\t\t\t<\/dt><\/dl><dl class='gallery-item'>\n\t\t\t<dt class='gallery-icon landscape'>\n\t\t\t\t<a href='https:\/\/www.hotellidocattolica.com\/wp-content\/uploads\/2015\/03\/DSV7935.jpg' data-rel=\"shadowbox[gallery]\"><img loading=\"lazy\" decoding=\"async\" width=\"214\" height=\"186\" src=\"https:\/\/www.hotellidocattolica.com\/wp-content\/uploads\/2015\/03\/DSV7935-214x186.jpg\" class=\"attachment-thumbnail size-thumbnail\" alt=\"Hotel Lido Cattolica camere moderne ristrutturate\" \/><\/a>\n\t\t\t<\/dt><\/dl><br style=\"clear: both\" \/><dl class='gallery-item'>\n\t\t\t<dt class='gallery-icon portrait'>\n\t\t\t\t<a href='https:\/\/www.hotellidocattolica.com\/wp-content\/uploads\/2015\/03\/DSV7951.jpg' data-rel=\"shadowbox[gallery]\"><img loading=\"lazy\" decoding=\"async\" width=\"214\" height=\"186\" src=\"https:\/\/www.hotellidocattolica.com\/wp-content\/uploads\/2015\/03\/DSV7951-214x186.jpg\" class=\"attachment-thumbnail size-thumbnail\" alt=\"Hotel Lido Cattolica bagno ristrutturato\" \/><\/a>\n\t\t\t<\/dt><\/dl><dl class='gallery-item'>\n\t\t\t<dt class='gallery-icon landscape'>\n\t\t\t\t<a href='https:\/\/www.hotellidocattolica.com\/wp-content\/uploads\/2015\/03\/DSV7998.jpg' data-rel=\"shadowbox[gallery]\"><img loading=\"lazy\" decoding=\"async\" width=\"214\" height=\"186\" src=\"https:\/\/www.hotellidocattolica.com\/wp-content\/uploads\/2015\/03\/DSV7998-214x186.jpg\" class=\"attachment-thumbnail size-thumbnail\" alt=\"Hotel Lido Cattolica bagno in camera moderni\" \/><\/a>\n\t\t\t<\/dt><\/dl><dl class='gallery-item'>\n\t\t\t<dt class='gallery-icon landscape'>\n\t\t\t\t<a href='https:\/\/www.hotellidocattolica.com\/wp-content\/uploads\/2015\/03\/DSV8012.jpg' data-rel=\"shadowbox[gallery]\"><img loading=\"lazy\" decoding=\"async\" width=\"214\" height=\"186\" src=\"https:\/\/www.hotellidocattolica.com\/wp-content\/uploads\/2015\/03\/DSV8012-214x186.jpg\" class=\"attachment-thumbnail size-thumbnail\" alt=\"Hotel Lido Cattolica camere nuove\" \/><\/a>\n\t\t\t<\/dt><\/dl><br style=\"clear: both\" \/><dl class='gallery-item'>\n\t\t\t<dt class='gallery-icon landscape'>\n\t\t\t\t<a href='https:\/\/www.hotellidocattolica.com\/wp-content\/uploads\/2015\/03\/DSV8029.jpg' data-rel=\"shadowbox[gallery]\"><img loading=\"lazy\" decoding=\"async\" width=\"214\" height=\"186\" src=\"https:\/\/www.hotellidocattolica.com\/wp-content\/uploads\/2015\/03\/DSV8029-214x186.jpg\" class=\"attachment-thumbnail size-thumbnail\" alt=\"Hotel Lido Cattolica camere letto bello\" \/><\/a>\n\t\t\t<\/dt><\/dl><dl class='gallery-item'>\n\t\t\t<dt class='gallery-icon landscape'>\n\t\t\t\t<a href='https:\/\/www.hotellidocattolica.com\/wp-content\/uploads\/2015\/03\/LG8_0367.jpg' data-rel=\"shadowbox[gallery]\"><img loading=\"lazy\" decoding=\"async\" width=\"214\" height=\"186\" src=\"https:\/\/www.hotellidocattolica.com\/wp-content\/uploads\/2015\/03\/LG8_0367-214x186.jpg\" class=\"attachment-thumbnail size-thumbnail\" alt=\"Hotel Lido Cattolica bagni in camera moderni\" \/><\/a>\n\t\t\t<\/dt><\/dl><dl class='gallery-item'>\n\t\t\t<dt class='gallery-icon landscape'>\n\t\t\t\t<a href='https:\/\/www.hotellidocattolica.com\/wp-content\/uploads\/2015\/03\/LG8_0372.jpg' data-rel=\"shadowbox[gallery]\"><img loading=\"lazy\" decoding=\"async\" width=\"214\" height=\"186\" src=\"https:\/\/www.hotellidocattolica.com\/wp-content\/uploads\/2015\/03\/LG8_0372-214x186.jpg\" class=\"attachment-thumbnail size-thumbnail\" alt=\"Hotel Lido Cattolica bagno in camera grande\" \/><\/a>\n\t\t\t<\/dt><\/dl><br style=\"clear: both\" \/>\n\t\t<\/div>\n\n<p><span style=\"font-size: 18pt;\"><strong><span id=\"result_box\" class=\"short_text\" lang=\"de\"><span class=\"hps alt-edited\">Reservierungen und Stornierungen<\/span><\/span><\/strong><\/span><br \/>\nDie Buchung muss durch eine Anzahlung von \u20ac 150,00 pro Zimmer per Postanweisung oder Bank\u00fcberweisung begleitet werden.<br \/>\nIm Falle einer Stornierung (innerhalb von 15 Tagen vor der Ankunft), werden Sie nicht Ihre Anzahlung nicht verlieren, weil Sie die M\u00f6glichkeit haben, eien anderen Aufenthalt in einem der f\u00fcnf Strukturen Tombarihotels bis zum 31.12.2016 zu buchen. Ab 15 Tage vor Ihrer Ankunft des Aufenthalts verlieren Sie die Anzahlung.<br \/>\nBei vorzeitiger Beendigung des Aufenthaltes werden 3 Uebernachtungen berechnet.<br \/>\nWir akzeptieren Zahlung mit:<br \/>\nBarzahlung bei der Ankunft f\u00fcr den gesamten Aufenthalt Rabatt von 5% (bei einem Mindestaufenthalt von einer Woche Vollpension) auf dem Konto bis zu 2999,00 \u20ac (um zum Zeitpunkt der Buchung mitgeteilt). Zahlungen mit Bankomat und Kreditkarte ( nur f\u00fcr h\u00f6here Betr\u00e4ge von \u20ac 200,00 )<\/p>\n<p>&nbsp;<\/p>\n<p>&nbsp;<\/p>\n<p>&nbsp;<\/p>\n<p>&nbsp;<\/p>\n","protected":false},"excerpt":{"rendered":"<p>Entdecken Familienzimmer Unsere &#8222;Maison Lido&#8220; wurde im Sommer 2015 renoviert. La Maison Lido befindet sich neben dem Hotel zwischen Via Dante und Via Milano. Alle Zimmer sind renoviert und verf\u00fcgen \u00fcber Balkon, TV, Minibar, Klimaanlage, eigenem Bad mit Dusche, Wi-Fi. Neben der t\u00e4glichen Reinigung des Morgens, die Zimmer sind am Nachmittag gereinigt werden, um noch [&hellip;]<\/p>\n","protected":false},"author":3,"featured_media":0,"parent":0,"menu_order":0,"comment_status":"closed","ping_status":"closed","template":"","meta":{"_acf_changed":false},"class_list":["post-820","page","type-page","status-publish"],"acf":[],"aioseo_notices":[],"_links":{"self":[{"href":"https:\/\/www.hotellidocattolica.com\/de\/wp-json\/wp\/v2\/pages\/820","targetHints":{"allow":["GET"]}}],"collection":[{"href":"https:\/\/www.hotellidocattolica.com\/de\/wp-json\/wp\/v2\/pages"}],"about":[{"href":"https:\/\/www.hotellidocattolica.com\/de\/wp-json\/wp\/v2\/types\/page"}],"author":[{"embeddable":true,"href":"https:\/\/www.hotellidocattolica.com\/de\/wp-json\/wp\/v2\/users\/3"}],"replies":[{"embeddable":true,"href":"https:\/\/www.hotellidocattolica.com\/de\/wp-json\/wp\/v2\/comments?post=820"}],"version-history":[{"count":0,"href":"https:\/\/www.hotellidocattolica.com\/de\/wp-json\/wp\/v2\/pages\/820\/revisions"}],"wp:attachment":[{"href":"https:\/\/www.hotellidocattolica.com\/de\/wp-json\/wp\/v2\/media?parent=820"}],"curies":[{"name":"wp","href":"https:\/\/api.w.org\/{rel}","templated":true}]}}