{"id":528,"date":"2015-03-03T22:30:08","date_gmt":"2015-03-03T21:30:08","guid":{"rendered":"https:\/\/www.hotellidocattolica.com\/home-2\/"},"modified":"2022-11-23T10:31:05","modified_gmt":"2022-11-23T09:31:05","slug":"home","status":"publish","type":"page","link":"https:\/\/www.hotellidocattolica.com\/de\/","title":{"rendered":"Hotel Lido in Cattolica: Buchen Sie Ihren Urlaub an der Adriak\u00fcste"},"content":{"rendered":"<p>Wenn Sie nach ein 3 Sterne Hotel fuer Ihren<strong> Sommerurlaub in Cattolica Adriak\u00fcste<\/strong>, mit Schwimmbad und direkt am Meer suchen, so stellen wir Ihnen <strong>das <\/strong>Hotel Lido vor, das neueste der <strong>Gruppe Tombari Hotels \u00a0<\/strong> Das Hotel Liegt in einer\u00a0<span id=\"result_box\" class=\"short_text\" lang=\"de\"><span class=\"hps alt-edited\">strategischen<\/span><\/span> Lage direkt auf der <strong>Via Dante Promenade,<\/strong> nicht weit vom Meer und dem <strong>Stadt- Zentrum<\/strong>, mit seinen vermosen<strong> 1\u00b0 Maggio Platz.<br \/>\n<\/strong><\/p>\n<p><strong>Im Hotel Lido<\/strong> werden Sie Ihren <strong>Urlaub an der Adria<\/strong> in einer raffinierten und jungen Atmosph\u00e4re verbringen. Wir werden Sie mit L\u00e4cheln und mit der typischen Romagna Freundlichkeit begr\u00fc\u00dfen. Wir k\u00fcmmern uns um Sie und versuchen Ihnen alle Ihre W\u00fcnsche erf\u00fcllen.<\/p>\n<p><em><span title=\"\">* In diesem Sommer k\u00f6nnen einige Hoteldienstleistungen \u00c4nderungen oder Einschr\u00e4nkungen in \u00dcbereinstimmung mit den geltenden Vorschriften zur sozialen Distanzierung unterliegen, um maximale Sicherheit f\u00fcr unsere G\u00e4ste, insbesondere die j\u00fcngsten, zu gew\u00e4hrleisten.<\/span>\u00a0<span title=\"\">Gesundheit steht an erster Stelle\u2026\u00a0<\/span><\/em><br \/>\n<em><span title=\"\">Wir sind uns Ihres Verst\u00e4ndnisses sicher und bedanken uns im Voraus.<\/span><\/em><\/p>\n\n\t\t<style type=\"text\/css\">\n\t\t\t#gallery-1 {\n\t\t\t\tmargin: auto;\n\t\t\t}\n\t\t\t#gallery-1 .gallery-item {\n\t\t\t\tfloat: left;\n\t\t\t\tmargin-top: 10px;\n\t\t\t\ttext-align: center;\n\t\t\t\twidth: 25%;\n\t\t\t}\n\t\t\t#gallery-1 img {\n\t\t\t\tborder: 2px solid #cfcfcf;\n\t\t\t}\n\t\t\t#gallery-1 .gallery-caption {\n\t\t\t\tmargin-left: 0;\n\t\t\t}\n\t\t\t\/* see gallery_shortcode() in wp-includes\/media.php *\/\n\t\t<\/style>\n\t\t<div id='gallery-1' class='gallery galleryid-528 gallery-columns-4 gallery-size-thumbnail'><dl class='gallery-item'>\n\t\t\t<dt class='gallery-icon landscape'>\n\t\t\t\t<a href='https:\/\/www.hotellidocattolica.com\/wp-content\/uploads\/2013\/07\/home01.jpg' data-rel=\"shadowbox[gallery]\"><img loading=\"lazy\" decoding=\"async\" width=\"214\" height=\"186\" src=\"https:\/\/www.hotellidocattolica.com\/wp-content\/uploads\/2013\/07\/home01-214x186.jpg\" class=\"attachment-thumbnail size-thumbnail\" alt=\"Hotel 3 stelle Cattolica con piscina\" \/><\/a>\n\t\t\t<\/dt><\/dl><dl class='gallery-item'>\n\t\t\t<dt class='gallery-icon landscape'>\n\t\t\t\t<a href='https:\/\/www.hotellidocattolica.com\/wp-content\/uploads\/2013\/07\/home02.jpg' data-rel=\"shadowbox[gallery]\"><img loading=\"lazy\" decoding=\"async\" width=\"214\" height=\"186\" src=\"https:\/\/www.hotellidocattolica.com\/wp-content\/uploads\/2013\/07\/home02-214x186.jpg\" class=\"attachment-thumbnail size-thumbnail\" alt=\"Hotel\" \/><\/a>\n\t\t\t<\/dt><\/dl><dl class='gallery-item'>\n\t\t\t<dt class='gallery-icon landscape'>\n\t\t\t\t<a href='https:\/\/www.hotellidocattolica.com\/wp-content\/uploads\/2013\/07\/home03.jpg' data-rel=\"shadowbox[gallery]\"><img loading=\"lazy\" decoding=\"async\" width=\"214\" height=\"186\" src=\"https:\/\/www.hotellidocattolica.com\/wp-content\/uploads\/2013\/07\/home03-214x186.jpg\" class=\"attachment-thumbnail size-thumbnail\" alt=\"Hotel Lido Cattolica giardino\" \/><\/a>\n\t\t\t<\/dt><\/dl><dl class='gallery-item'>\n\t\t\t<dt class='gallery-icon landscape'>\n\t\t\t\t<a href='https:\/\/www.hotellidocattolica.com\/wp-content\/uploads\/2013\/07\/home2.jpg' data-rel=\"shadowbox[gallery]\"><img loading=\"lazy\" decoding=\"async\" width=\"214\" height=\"186\" src=\"https:\/\/www.hotellidocattolica.com\/wp-content\/uploads\/2013\/07\/home2-214x186.jpg\" class=\"attachment-thumbnail size-thumbnail\" alt=\"Hotel Lido Cattolica sala ristorante\" \/><\/a>\n\t\t\t<\/dt><\/dl><br style=\"clear: both\" \/>\n\t\t<\/div>\n\n<p><img loading=\"lazy\" decoding=\"async\" class=\"alignnone size-full wp-image-2063\" src=\"https:\/\/www.hotellidocattolica.com\/wp-content\/uploads\/2022\/11\/banner-bike-de.jpg\" alt=\"\" width=\"664\" height=\"162\" \/><\/p>\n<p>&nbsp;<\/p>\n<p>&nbsp;<\/p>\n","protected":false},"excerpt":{"rendered":"<p>Wenn Sie nach ein 3 Sterne Hotel fuer Ihren Sommerurlaub in Cattolica Adriak\u00fcste, mit Schwimmbad und direkt am Meer suchen, so stellen wir Ihnen das Hotel Lido vor, das neueste der Gruppe Tombari Hotels \u00a0 Das Hotel Liegt in einer\u00a0strategischen Lage direkt auf der Via Dante Promenade, nicht weit vom Meer und dem Stadt- Zentrum, [&hellip;]<\/p>\n","protected":false},"author":6,"featured_media":0,"parent":0,"menu_order":3,"comment_status":"closed","ping_status":"closed","template":"","meta":{"_acf_changed":false},"class_list":["post-528","page","type-page","status-publish"],"acf":[],"aioseo_notices":[],"_links":{"self":[{"href":"https:\/\/www.hotellidocattolica.com\/de\/wp-json\/wp\/v2\/pages\/528","targetHints":{"allow":["GET"]}}],"collection":[{"href":"https:\/\/www.hotellidocattolica.com\/de\/wp-json\/wp\/v2\/pages"}],"about":[{"href":"https:\/\/www.hotellidocattolica.com\/de\/wp-json\/wp\/v2\/types\/page"}],"author":[{"embeddable":true,"href":"https:\/\/www.hotellidocattolica.com\/de\/wp-json\/wp\/v2\/users\/6"}],"replies":[{"embeddable":true,"href":"https:\/\/www.hotellidocattolica.com\/de\/wp-json\/wp\/v2\/comments?post=528"}],"version-history":[{"count":0,"href":"https:\/\/www.hotellidocattolica.com\/de\/wp-json\/wp\/v2\/pages\/528\/revisions"}],"wp:attachment":[{"href":"https:\/\/www.hotellidocattolica.com\/de\/wp-json\/wp\/v2\/media?parent=528"}],"curies":[{"name":"wp","href":"https:\/\/api.w.org\/{rel}","templated":true}]}}