{"id":522,"date":"2015-03-03T21:30:11","date_gmt":"2015-03-03T20:30:11","guid":{"rendered":"https:\/\/www.hotellidocattolica.com\/tutti-i-nostri-servizi-a-vostra-disposizione-2\/"},"modified":"2017-03-20T13:16:15","modified_gmt":"2017-03-20T12:16:15","slug":"dienstleistungen-hotel-cattolica-adria","status":"publish","type":"page","link":"https:\/\/www.hotellidocattolica.com\/de\/dienstleistungen-hotel-cattolica-adria\/","title":{"rendered":"Hotel mit Schwimmbad, Parkplatz und WLAN in Cattolica"},"content":{"rendered":"<p><span style=\"font-size: large;\"><strong><span id=\"result_box\" class=\"short_text\" lang=\"de\"><span class=\"hps\">Serviceleistungen<\/span><\/span><\/strong><\/span><\/p>\n<ul>\n<li>Lift<\/li>\n<li>ausgestattetes Kinderzimmer mit Kueche<\/li>\n<li><span id=\"result_box\" class=\"short_text\" lang=\"de\"><span class=\"hps\">Kinderspielzimmer mit<\/span> <span class=\"hps\">Animateur<\/span><\/span><\/li>\n<li><span id=\"result_box\" class=\"\" lang=\"de\"><span class=\"hps\">Drei Men\u00fcs zur Auswahl<\/span> <span class=\"hps atn\">(<\/span><span class=\"\">Spezialit\u00e4t<\/span> <span class=\"hps\">Fleisch und Fisch)<\/span> <span class=\"hps\">Buffet mit Gem\u00fcse<\/span> <span class=\"hps\">und<\/span> <span class=\"hps\">Vorspeisen,<\/span> <span class=\"hps\">Fr\u00fchst\u00fccksbuffet, Men\u00f9\u00a0<\/span> <span class=\"hps\">Glutenfrei<\/span><\/span><\/li>\n<li>Bar<\/li>\n<li><span id=\"result_box\" class=\"short_text\" lang=\"de\"><span class=\"hps alt-edited\">Terrasse<\/span><\/span><\/li>\n<li><span id=\"result_box\" class=\"\" lang=\"de\"><span class=\"hps\">Internet-Verbindung mit<\/span> <span class=\"hps atn\">Wireless-<\/span>Technologie <span class=\"hps\">kostenlos und unbegrenzt<\/span><\/span><\/li>\n<li><strong>Geheizter Pool mit Jacuzzi<\/strong><\/li>\n<li><span id=\"result_box\" class=\"\" lang=\"de\"><span class=\"hps\">Kostenloser Fahrradverleih<\/span> <span class=\"hps\">(verf\u00fcgbar auch mit<\/span> <span class=\"hps\">Kindersitz<\/span> <span class=\"hps\">und Helm<\/span> <span class=\"hps\">)<\/span><\/span><\/li>\n<li><span id=\"result_box\" class=\"\" lang=\"de\"><span class=\"hps\">Parkpl\u00e4tze<\/span> <span class=\"hps\">direkt neben dem Hotel<\/span> <span class=\"hps\">\u20ac 10,00<\/span> <span class=\"hps\">pro Tag<\/span> <span class=\"hps atn\">pro Auto (<\/span><span class=\"\">mit Reservierung)<\/span><\/span><\/li>\n<li><span id=\"result_box\" class=\"\" lang=\"de\"><span class=\"hps\">Private Parkpl\u00e4tze<\/span>, <span class=\"hps\">\u20ac 4,00 pro Auto am Tag<\/span><span class=\"hps atn\"> (<\/span>kostenlos mit <span class=\"hps\">All Inclusive Packett)<\/span><\/span><\/li>\n<li><span id=\"result_box\" class=\"\" lang=\"de\"><span class=\"hps\">Kleine Haustiere<\/span> <span class=\"hps\">\u20ac 50,00<\/span> <span class=\"hps atn\">pro Aufenthalt (<\/span>f\u00fcr die End &#8211; Reinigung und <span class=\"hps\">Desinfektion<\/span>). <\/span><span id=\"result_box\" class=\"\" lang=\"de\"><\/span><\/li>\n<\/ul>\n<p><span style=\"font-size: 14pt;\"><strong>im Zimmer<\/strong><\/span><\/p>\n<ul>\n<li>Safe<\/li>\n<li>Telefono Direktlinee<\/li>\n<li>Mini Bar<\/li>\n<li>Box &#8211; Dusche mit Jacuzzi<\/li>\n<li><span id=\"result_box\" class=\"short_text\" lang=\"de\"><span class=\"hps\">Babybett<\/span> <span class=\"hps\">im Preis enthalten <\/span><\/span>\u20ac 15,00 am Tag<\/li>\n<li>Tv led 22&#8242;<\/li>\n<li><span id=\"result_box\" class=\"\" lang=\"de\"><span class=\"hps\">Internet-Verbindung mit<\/span> <span class=\"hps atn\">Wireless-<\/span>Technologie <span class=\"hps\">kostenlos und unbegrenzt<\/span><\/span><\/li>\n<li><span id=\"result_box\" class=\"short_text\" lang=\"de\"><span class=\"hps\">Kostenlose<\/span> <span class=\"hps\">Klimaanlage<\/span><\/span><\/li>\n<li>Haartrockner<\/li>\n<\/ul>\n<p>&nbsp;<\/p>\n<p><strong><span style=\"font-size: large;\">Servizi Spiaggia<\/span><br \/>\n<\/strong>(Lido delle Sirene e Bagni Marcello)<\/p>\n<ul>\n<li>Kabine<\/li>\n<li><strong>Baby sitter<br \/>\n<\/strong><\/li>\n<li>Sportstudio<\/li>\n<li><span id=\"result_box\" class=\"short_text\" lang=\"de\"><span class=\"hps\">Animation<\/span><\/span><\/li>\n<li>Beach Volley<\/li>\n<li>Schwimmbecken<\/li>\n<li><strong>Jacuzzi<\/strong><\/li>\n<li>Service Strandtuecher<\/li>\n<li><span id=\"result_box\" class=\"short_text\" lang=\"de\"> Reinigung der <span class=\"hps\">Strandt\u00fccher<\/span> <span class=\"hps\">gegen Geb\u00fchr<\/span><\/span><\/li>\n<li>Ping Pong<\/li>\n<\/ul>\n","protected":false},"excerpt":{"rendered":"<p>Serviceleistungen Lift ausgestattetes Kinderzimmer mit Kueche Kinderspielzimmer mit Animateur Drei Men\u00fcs zur Auswahl (Spezialit\u00e4t Fleisch und Fisch) Buffet mit Gem\u00fcse und Vorspeisen, Fr\u00fchst\u00fccksbuffet, Men\u00f9\u00a0 Glutenfrei Bar Terrasse Internet-Verbindung mit Wireless-Technologie kostenlos und unbegrenzt Geheizter Pool mit Jacuzzi Kostenloser Fahrradverleih (verf\u00fcgbar auch mit Kindersitz und Helm ) Parkpl\u00e4tze direkt neben dem Hotel \u20ac 10,00 pro Tag [&hellip;]<\/p>\n","protected":false},"author":3,"featured_media":0,"parent":0,"menu_order":0,"comment_status":"closed","ping_status":"closed","template":"","meta":{"_acf_changed":false},"class_list":["post-522","page","type-page","status-publish"],"acf":[],"aioseo_notices":[],"_links":{"self":[{"href":"https:\/\/www.hotellidocattolica.com\/de\/wp-json\/wp\/v2\/pages\/522","targetHints":{"allow":["GET"]}}],"collection":[{"href":"https:\/\/www.hotellidocattolica.com\/de\/wp-json\/wp\/v2\/pages"}],"about":[{"href":"https:\/\/www.hotellidocattolica.com\/de\/wp-json\/wp\/v2\/types\/page"}],"author":[{"embeddable":true,"href":"https:\/\/www.hotellidocattolica.com\/de\/wp-json\/wp\/v2\/users\/3"}],"replies":[{"embeddable":true,"href":"https:\/\/www.hotellidocattolica.com\/de\/wp-json\/wp\/v2\/comments?post=522"}],"version-history":[{"count":0,"href":"https:\/\/www.hotellidocattolica.com\/de\/wp-json\/wp\/v2\/pages\/522\/revisions"}],"wp:attachment":[{"href":"https:\/\/www.hotellidocattolica.com\/de\/wp-json\/wp\/v2\/media?parent=522"}],"curies":[{"name":"wp","href":"https:\/\/api.w.org\/{rel}","templated":true}]}}