{"id":515,"date":"2015-02-27T22:00:47","date_gmt":"2015-02-27T21:00:47","guid":{"rendered":"https:\/\/www.hotellidocattolica.com\/richiesta-preventivo-2\/"},"modified":"2017-03-23T12:20:30","modified_gmt":"2017-03-23T11:20:30","slug":"anbegotsanfrage","status":"publish","type":"page","link":"https:\/\/www.hotellidocattolica.com\/de\/anbegotsanfrage\/","title":{"rendered":"Fordern Sie ein Angebot f\u00fcr Ihren Strandurlaub in Cattolica."},"content":{"rendered":"<p><span id=\"result_box\" class=\"\" lang=\"de\"> F\u00fcllen Sie bitte <span class=\"hps\">das folgende Formular aus<\/span>, um so schnell wie moeglich <span class=\"hps\">ein individuelles Angebot<\/span> <span class=\"hps\">zu erhalten<\/span>.<br \/>\n<span class=\"hps\">Sie k\u00f6nnen<\/span> uns auch unter dieser Nummer <span style=\"font-size: 14pt;\"><strong>+39 (<span class=\"hps\">0) 541 954273<\/span><\/strong> <\/span><span class=\"hps\">erreichen.<\/span><\/span><\/p>\n<p><span id=\"result_box\" class=\"\" lang=\"de\"><span class=\"hps\">Wir stehen<\/span> <span class=\"hps\">Ihnen jederzeit gerne zur Verf\u00fcgung<\/span>.<\/span><\/p>\n","protected":false},"excerpt":{"rendered":"<p>F\u00fcllen Sie bitte das folgende Formular aus, um so schnell wie moeglich ein individuelles Angebot zu erhalten. Sie k\u00f6nnen uns auch unter dieser Nummer +39 (0) 541 954273 erreichen. Wir stehen Ihnen jederzeit gerne zur Verf\u00fcgung.<\/p>\n","protected":false},"author":6,"featured_media":0,"parent":0,"menu_order":0,"comment_status":"closed","ping_status":"closed","template":"template.richiesta-preventivo.php","meta":{"_acf_changed":false},"class_list":["post-515","page","type-page","status-publish"],"acf":[],"aioseo_notices":[],"_links":{"self":[{"href":"https:\/\/www.hotellidocattolica.com\/de\/wp-json\/wp\/v2\/pages\/515","targetHints":{"allow":["GET"]}}],"collection":[{"href":"https:\/\/www.hotellidocattolica.com\/de\/wp-json\/wp\/v2\/pages"}],"about":[{"href":"https:\/\/www.hotellidocattolica.com\/de\/wp-json\/wp\/v2\/types\/page"}],"author":[{"embeddable":true,"href":"https:\/\/www.hotellidocattolica.com\/de\/wp-json\/wp\/v2\/users\/6"}],"replies":[{"embeddable":true,"href":"https:\/\/www.hotellidocattolica.com\/de\/wp-json\/wp\/v2\/comments?post=515"}],"version-history":[{"count":0,"href":"https:\/\/www.hotellidocattolica.com\/de\/wp-json\/wp\/v2\/pages\/515\/revisions"}],"wp:attachment":[{"href":"https:\/\/www.hotellidocattolica.com\/de\/wp-json\/wp\/v2\/media?parent=515"}],"curies":[{"name":"wp","href":"https:\/\/api.w.org\/{rel}","templated":true}]}}