{"id":497,"date":"2015-02-22T14:00:27","date_gmt":"2015-02-22T13:00:27","guid":{"rendered":"https:\/\/www.hotellidocattolica.com\/lhotel-lido-a-cattolica-vi-consiglia-la-vacanza-all-inclusive-2\/"},"modified":"2017-03-23T12:29:58","modified_gmt":"2017-03-23T11:29:58","slug":"cattolica-all-inclusive-angebote","status":"publish","type":"page","link":"https:\/\/www.hotellidocattolica.com\/de\/cattolica-all-inclusive-angebote\/","title":{"rendered":"All-Inclusive-Urlaub in Cattolica"},"content":{"rendered":"<h2>Wir empfehlen <strong>ALL INCLUSIVE!<\/strong><\/h2>\n<p>Dank der vorteilhaften Preise garantieren wir Ihnen Balance zwischen Qualit\u00e4t und Preis.<br \/>\nNach dem Kauf des All-Inclusive-Paket m\u00fcssen Sie sich um nichts mehr k\u00fcmmern &#8230;<br \/>\nParkplatz, Strand und Getr\u00e4nke &#8230; Sie haben keine kosten extra zu bezahlen.<\/p>\n<h3><strong><span id=\"result_box\" class=\"short_text\" lang=\"de\"><span class=\"hps\"><br \/>\nDas Paket<\/span> <span class=\"hps\">&#8222;All Inclusive&#8220;<\/span> <span class=\"hps\">beinhaltet:<\/span><\/span><\/strong><\/h3>\n<ul>\n<li>Mineralwasser, Landwein und Limonade fuer kinder<\/li>\n<li>1 Sonnenschirm + 2 Liegen an strand pro Zimmer<\/li>\n<li>Privat Parkplatz mit Shuttle Service vom- und zum Hotel<\/li>\n<li>Klimaanlage im Zimmer<\/li>\n<li>Sekt fuer den Gala Abend<\/li>\n<\/ul>\n<p><em>*<span id=\"result_box\" class=\"\" lang=\"de\"><span class=\"hps\">nicht g\u00fcltig f\u00fcr<\/span> <span class=\"hps\">Aufenthalte von weniger<\/span> <span class=\"hps\">als 7 Tage<\/span>, <span class=\"hps\">an Ostern<\/span> <span class=\"hps\">und Feiertage\u00a0<\/span> <span class=\"hps\">25\/4<\/span> <span class=\"hps\">|<\/span> <span class=\"hps\">1\/5<\/span> <span class=\"hps\">|<\/span> <span class=\"hps\">2\/6<\/span><\/span><\/em><\/p>\n<p>&nbsp;<\/p>\n<p><span style=\"font-size: x-large;\"><strong><a href=\"https:\/\/www.hotellidocattolica.com\/de\/urlaub-cattolica-hotel-angebote\/\">Sehen Sie unsere Angebote<\/a><\/strong><\/span><\/p>\n","protected":false},"excerpt":{"rendered":"<p>Wir empfehlen ALL INCLUSIVE! Dank der vorteilhaften Preise garantieren wir Ihnen Balance zwischen Qualit\u00e4t und Preis. Nach dem Kauf des All-Inclusive-Paket m\u00fcssen Sie sich um nichts mehr k\u00fcmmern &#8230; Parkplatz, Strand und Getr\u00e4nke &#8230; Sie haben keine kosten extra zu bezahlen. Das Paket &#8222;All Inclusive&#8220; beinhaltet: Mineralwasser, Landwein und Limonade fuer kinder 1 Sonnenschirm + [&hellip;]<\/p>\n","protected":false},"author":3,"featured_media":0,"parent":0,"menu_order":0,"comment_status":"closed","ping_status":"closed","template":"","meta":{"_acf_changed":false},"class_list":["post-497","page","type-page","status-publish"],"acf":[],"aioseo_notices":[],"_links":{"self":[{"href":"https:\/\/www.hotellidocattolica.com\/de\/wp-json\/wp\/v2\/pages\/497","targetHints":{"allow":["GET"]}}],"collection":[{"href":"https:\/\/www.hotellidocattolica.com\/de\/wp-json\/wp\/v2\/pages"}],"about":[{"href":"https:\/\/www.hotellidocattolica.com\/de\/wp-json\/wp\/v2\/types\/page"}],"author":[{"embeddable":true,"href":"https:\/\/www.hotellidocattolica.com\/de\/wp-json\/wp\/v2\/users\/3"}],"replies":[{"embeddable":true,"href":"https:\/\/www.hotellidocattolica.com\/de\/wp-json\/wp\/v2\/comments?post=497"}],"version-history":[{"count":0,"href":"https:\/\/www.hotellidocattolica.com\/de\/wp-json\/wp\/v2\/pages\/497\/revisions"}],"wp:attachment":[{"href":"https:\/\/www.hotellidocattolica.com\/de\/wp-json\/wp\/v2\/media?parent=497"}],"curies":[{"name":"wp","href":"https:\/\/api.w.org\/{rel}","templated":true}]}}