{"id":494,"date":"2014-03-29T11:27:42","date_gmt":"2014-03-29T10:27:42","guid":{"rendered":"https:\/\/www.hotellidocattolica.com\/il-nostro-ristorante-2\/"},"modified":"2017-03-17T18:18:42","modified_gmt":"2017-03-17T17:18:42","slug":"hotel-mit-restaurant-adriakuste-cattolica","status":"publish","type":"page","link":"https:\/\/www.hotellidocattolica.com\/de\/hotel-mit-restaurant-adriakuste-cattolica\/","title":{"rendered":"Hotel mit Restaurant in Cattolica: die typische K\u00fcche der Adria"},"content":{"rendered":"<p>Das helle und ger\u00e4umige Restaurant mit Blick auf die Promenade der via Dante bietet Ihnen die besten Gerichte der italienischen und internationalen K\u00fcche. Bei der Auswahl unseren Zutaten achten wir sehr auf Qualit\u00e4t die die Grundlage ist um k\u00f6stliche Gerichte zuzubereiten.Jeden Tag arbeiten unsere K\u00f6che mit Sorgfalt und Leidenschaft f\u00fcr Sie.<\/p>\n<p><strong>Unsere \u00d6ffnungszeiten vom Restaurant:<\/strong><\/p>\n<ul>\n<li>Fr\u00fchst\u00fcck\u00a0\u00a0\u00a0\u00a0\u00a0 von\u00a0\u00a0\u00a0 7.30 bis 09.30 Uhr<\/li>\n<li>Mittagessen\u00a0\u00a0 von\u00a0 13:00 bis 14.30 Uhr<\/li>\n<li>Abendessen\u00a0\u00a0\u00a0 von 19:30 bis 20.30 Uhr<\/li>\n<\/ul>\n<p>Fr\u00fchst\u00fccksbuffet s\u00fc\u00df und salzig, gro\u00dfe Auswahl von verschiedenen und frischen Sorten von Croissants , Joghurt, frisches Obst und eingelegtes Obst, Vollkornbrot und M\u00fcsli , Toastbrot getoastet, Kuchen und Geb\u00e4ck, gekochte Eier und Schinken \u2013 und K\u00e4seaufschnitt.<br \/>\nDas Mittags- und Abendessen wird am Tisch serviert, Buffet mit kalten und warmen Vorspeisen Obst und Dessert.<\/p>\n<h2>Entdecken Sie die typischen Gerichte der Romagna Riviera<\/h2>\n<p><strong>3 Men\u00f9 zur Auswahl mit Fleisch- und Fischgerichten:<\/strong><\/p>\n<ul>\n<li>Sie werden am Morgen mit dem Duft von frischen Croissants, die\u00a0 wir fuer Sie am backen.<\/li>\n<li>Am <span id=\"result_box\" class=\"\" lang=\"de\"><span class=\"hps\">Mittags- und Abendessen koenne Sie unsere <\/span><span class=\"hps\">k\u00f6stlichen<\/span><span class=\"hps\"> Gerichte<\/span> <span class=\"hps\">geniessen.<\/span><\/span><\/li>\n<li>Nach der R\u00fcckkehr vom Strand k\u00f6nnen Sie gerne einen Aperitif, der mit Fantasie<br \/>\nvon unserem Bar man zubereitet wird, auf unserer frischen Veranda genie\u00dfen.<\/li>\n<li>Am Abend verzaubern wir Sie mit unseren k\u00f6stlichen Dessert Buffet.<\/li>\n<\/ul>\n<p><span id=\"result_box\" class=\"\" lang=\"de\"><span class=\"hps\">Jede Woche organisieren wir<\/span> <span class=\"hps\">f\u00fcr unsere G\u00e4ste<\/span> <span class=\"hps\">zwei<\/span> <span class=\"hps\">Themenabende,<\/span> <span class=\"hps\">den<strong> typischen<\/strong><\/span><strong><span class=\"hps\">Romagna<\/span> Abend<\/strong> <span class=\"hps\">mit<\/span> <span class=\"hps\">Fladenbrot und<\/span> <span class=\"hps\">hausgemachten Kuchen und<\/span> den <span class=\"hps\">Gala-Dinner<\/span> Abend <span class=\"hps\">bei Kerzenlicht mit\u00a0<\/span> <span class=\"hps\">Fischspezialit\u00e4ten aber auch Fleischgerichte und riesen Torte.<\/span><\/span><\/p>\n<p><strong>Jeden Tag Nachmittagssnack f\u00fcr unsere kleinen Engel &#8230;<\/strong><br \/>\nWir verw\u00f6hnen Sie zu jeder Zeit des Tages. Unser &#8222;Team&#8220; macht aus Ihren Urlaub einem unvergesslichen Moment, auf den Sie nicht mehr verzichten k\u00f6nnen. Wir warten auf Sie im Hotel Lido in Cattolica, wo Meer, Sonne und gutes Essen, sowie Gastfreundschaftlichkeit das A und O sind.<\/p>\n\n\t\t<style type=\"text\/css\">\n\t\t\t#gallery-1 {\n\t\t\t\tmargin: auto;\n\t\t\t}\n\t\t\t#gallery-1 .gallery-item {\n\t\t\t\tfloat: left;\n\t\t\t\tmargin-top: 10px;\n\t\t\t\ttext-align: center;\n\t\t\t\twidth: 33%;\n\t\t\t}\n\t\t\t#gallery-1 img {\n\t\t\t\tborder: 2px solid #cfcfcf;\n\t\t\t}\n\t\t\t#gallery-1 .gallery-caption {\n\t\t\t\tmargin-left: 0;\n\t\t\t}\n\t\t\t\/* see gallery_shortcode() in wp-includes\/media.php *\/\n\t\t<\/style>\n\t\t<div id='gallery-1' class='gallery galleryid-494 gallery-columns-3 gallery-size-thumbnail'><dl class='gallery-item'>\n\t\t\t<dt class='gallery-icon landscape'>\n\t\t\t\t<a href='https:\/\/www.hotellidocattolica.com\/wp-content\/uploads\/2013\/07\/home2.jpg' data-rel=\"shadowbox[gallery]\"><img loading=\"lazy\" decoding=\"async\" width=\"214\" height=\"186\" src=\"https:\/\/www.hotellidocattolica.com\/wp-content\/uploads\/2013\/07\/home2-214x186.jpg\" class=\"attachment-thumbnail size-thumbnail\" alt=\"Hotel Lido Cattolica sala ristorante\" \/><\/a>\n\t\t\t<\/dt><\/dl><dl class='gallery-item'>\n\t\t\t<dt class='gallery-icon landscape'>\n\t\t\t\t<a href='https:\/\/www.hotellidocattolica.com\/wp-content\/uploads\/2013\/07\/home03.jpg' data-rel=\"shadowbox[gallery]\"><img loading=\"lazy\" decoding=\"async\" width=\"214\" height=\"186\" src=\"https:\/\/www.hotellidocattolica.com\/wp-content\/uploads\/2013\/07\/home03-214x186.jpg\" class=\"attachment-thumbnail size-thumbnail\" alt=\"Hotel Lido Cattolica giardino\" \/><\/a>\n\t\t\t<\/dt><\/dl><dl class='gallery-item'>\n\t\t\t<dt class='gallery-icon landscape'>\n\t\t\t\t<a href='https:\/\/www.hotellidocattolica.com\/wp-content\/uploads\/2014\/03\/ristorante1.jpg' data-rel=\"shadowbox[gallery]\"><img loading=\"lazy\" decoding=\"async\" width=\"214\" height=\"186\" src=\"https:\/\/www.hotellidocattolica.com\/wp-content\/uploads\/2014\/03\/ristorante1-214x186.jpg\" class=\"attachment-thumbnail size-thumbnail\" alt=\"Hotel Lido Cattolica ristorante con vista piscina\" \/><\/a>\n\t\t\t<\/dt><\/dl><br style=\"clear: both\" \/>\n\t\t<\/div>\n\n<p><strong>Gala Abend Ferragosto<br \/>\n<\/strong><\/p>\n<ul>\n<li><em>&#8222;<\/em><span id=\"result_box\" class=\"\" lang=\"de\"><span class=\"hps alt-edited\">Ein\u00a0<\/span> <span class=\"hps alt-edited\">schoener Tag<\/span> <span class=\"hps\">beginnt am Morgen<\/span> <span class=\"hps atn\">&#8222;<\/span>&#8230; <span class=\"hps\">Fr\u00fchst\u00fcck<\/span> <span class=\"hps\">auf der Terrasse<\/span> <span class=\"hps\">mit warmen Kraffen<\/span><span class=\"\">, Cappuccino<\/span> <span class=\"hps\">und firschgepresster Orangensaft.<br \/>\n<\/span><\/span><\/li>\n<li><span id=\"result_box\" class=\"\" lang=\"de\"> <span class=\"hps\">Aperitif<\/span> <span class=\"hps\">mit<\/span> <span class=\"hps\">Sekt<\/span> <span class=\"hps\">warme und kalte Snacks<\/span> <span class=\"hps\">und<\/span> <span class=\"hps\">Toast damit die Feier beginnen kann.<\/span><\/span><\/li>\n<li><span id=\"result_box\" class=\"\" lang=\"de\"><span class=\"hps atn\">&#8222;<\/span><span class=\"alt-edited\">Die Essen ist<\/span> <span class=\"hps\">Kunst&#8220;<\/span> <span class=\"hps\">&#8230;<\/span> <span class=\"hps\">Eingang zum Restaurant<\/span>,<span class=\"\"> die<\/span> <span class=\"hps\">Geschmack<\/span> <span class=\"hps\">und Kunst,<\/span> <span class=\"hps\">dank der<\/span> <span class=\"hps\">wundervollen<\/span> <span class=\"hps\">Kompositionen<\/span> <span class=\"hps\">unserer<\/span> <span class=\"hps\">K\u00f6che, die<\/span> Ihnene einen <span class=\"hps\">guten Appetit<\/span>\u00a0<span class=\"hps\">w\u00fcnschen<\/span>. <\/span><\/li>\n<\/ul>\n","protected":false},"excerpt":{"rendered":"<p>Das helle und ger\u00e4umige Restaurant mit Blick auf die Promenade der via Dante bietet Ihnen die besten Gerichte der italienischen und internationalen K\u00fcche. Bei der Auswahl unseren Zutaten achten wir sehr auf Qualit\u00e4t die die Grundlage ist um k\u00f6stliche Gerichte zuzubereiten.Jeden Tag arbeiten unsere K\u00f6che mit Sorgfalt und Leidenschaft f\u00fcr Sie. Unsere \u00d6ffnungszeiten vom Restaurant: [&hellip;]<\/p>\n","protected":false},"author":3,"featured_media":0,"parent":0,"menu_order":0,"comment_status":"closed","ping_status":"closed","template":"","meta":{"_acf_changed":false},"class_list":["post-494","page","type-page","status-publish"],"acf":[],"aioseo_notices":[],"_links":{"self":[{"href":"https:\/\/www.hotellidocattolica.com\/de\/wp-json\/wp\/v2\/pages\/494","targetHints":{"allow":["GET"]}}],"collection":[{"href":"https:\/\/www.hotellidocattolica.com\/de\/wp-json\/wp\/v2\/pages"}],"about":[{"href":"https:\/\/www.hotellidocattolica.com\/de\/wp-json\/wp\/v2\/types\/page"}],"author":[{"embeddable":true,"href":"https:\/\/www.hotellidocattolica.com\/de\/wp-json\/wp\/v2\/users\/3"}],"replies":[{"embeddable":true,"href":"https:\/\/www.hotellidocattolica.com\/de\/wp-json\/wp\/v2\/comments?post=494"}],"version-history":[{"count":0,"href":"https:\/\/www.hotellidocattolica.com\/de\/wp-json\/wp\/v2\/pages\/494\/revisions"}],"wp:attachment":[{"href":"https:\/\/www.hotellidocattolica.com\/de\/wp-json\/wp\/v2\/media?parent=494"}],"curies":[{"name":"wp","href":"https:\/\/api.w.org\/{rel}","templated":true}]}}