{"id":488,"date":"2015-02-16T16:30:43","date_gmt":"2015-02-16T15:30:43","guid":{"rendered":"https:\/\/www.hotellidocattolica.com\/parcheggio-privato-2\/"},"modified":"2017-03-20T13:45:57","modified_gmt":"2017-03-20T12:45:57","slug":"privaten-parkplatz","status":"publish","type":"page","link":"https:\/\/www.hotellidocattolica.com\/de\/privaten-parkplatz\/","title":{"rendered":"Hotel mit privaten Parkplatz in Cattolica"},"content":{"rendered":"<p><span id=\"result_box\" class=\"\" lang=\"de\"><span class=\"hps\">Wir haben<\/span> <span class=\"hps\">einen privaten Parkplatz<\/span> <span class=\"hps\">ca. 1 km.<\/span><span class=\"\">, umzaunt <\/span><span class=\"hps\">und bewacht<\/span> <span class=\"hps atn\">in der Nacht <\/span><\/span><span id=\"result_box\" class=\"\" lang=\"de\"><span class=\"hps atn\">(<\/span><span class=\"\">zu einem <strong>Preis von<\/strong><\/span><strong> <span class=\"hps\">\u20ac 4,00 pro Tag<\/span> <\/strong><span class=\"hps\">oder<\/span> <span class=\"hps\">im<\/span>\u00a0 <span class=\"hps atn\">All-Inclusive-<\/span>Paket <span class=\"hps\">enthalten<\/span>).<\/span><\/p>\n<p><span id=\"result_box\" class=\"\" lang=\"de\">Unser <span class=\"hps\">Shuttle faehrt <\/span><span class=\"hps\"><strong>von 7.00 bis 15.00<\/strong> Uhr<\/span> <span class=\"hps\">und von<\/span> <span class=\"hps\">17.30 bis 23.00 Uhr<\/span> um Sie zu servieren.<br \/>\n<span class=\"hps\">Auf unserer<\/span><span class=\"hps\"> Fu\u00dfg\u00e4ngerzone<\/span> <span class=\"hps\">verf\u00fcgen wir <\/span>auf <span class=\"hps\">ein paar<\/span> Parkplaetze <span class=\"hps\">direkt neben dem<\/span> <span class=\"hps\">Hotel<\/span> <span class=\"hps atn\">(<\/span><span class=\"\">\u20ac 10,00 pro Tag<\/span> <span class=\"hps\">auf<\/span> <span class=\"hps\">Reservierung).<\/span><\/span><\/p>\n","protected":false},"excerpt":{"rendered":"<p>Wir haben einen privaten Parkplatz ca. 1 km., umzaunt und bewacht in der Nacht (zu einem Preis von \u20ac 4,00 pro Tag oder im\u00a0 All-Inclusive-Paket enthalten). Unser Shuttle faehrt von 7.00 bis 15.00 Uhr und von 17.30 bis 23.00 Uhr um Sie zu servieren. Auf unserer Fu\u00dfg\u00e4ngerzone verf\u00fcgen wir auf ein paar Parkplaetze direkt neben [&hellip;]<\/p>\n","protected":false},"author":6,"featured_media":0,"parent":0,"menu_order":0,"comment_status":"closed","ping_status":"closed","template":"","meta":{"_acf_changed":false},"class_list":["post-488","page","type-page","status-publish"],"acf":[],"aioseo_notices":[],"_links":{"self":[{"href":"https:\/\/www.hotellidocattolica.com\/de\/wp-json\/wp\/v2\/pages\/488","targetHints":{"allow":["GET"]}}],"collection":[{"href":"https:\/\/www.hotellidocattolica.com\/de\/wp-json\/wp\/v2\/pages"}],"about":[{"href":"https:\/\/www.hotellidocattolica.com\/de\/wp-json\/wp\/v2\/types\/page"}],"author":[{"embeddable":true,"href":"https:\/\/www.hotellidocattolica.com\/de\/wp-json\/wp\/v2\/users\/6"}],"replies":[{"embeddable":true,"href":"https:\/\/www.hotellidocattolica.com\/de\/wp-json\/wp\/v2\/comments?post=488"}],"version-history":[{"count":0,"href":"https:\/\/www.hotellidocattolica.com\/de\/wp-json\/wp\/v2\/pages\/488\/revisions"}],"wp:attachment":[{"href":"https:\/\/www.hotellidocattolica.com\/de\/wp-json\/wp\/v2\/media?parent=488"}],"curies":[{"name":"wp","href":"https:\/\/api.w.org\/{rel}","templated":true}]}}