{"id":481,"date":"2015-03-06T22:00:50","date_gmt":"2015-03-06T21:00:50","guid":{"rendered":"https:\/\/www.hotellidocattolica.com\/domande-frequenti-2\/"},"modified":"2017-03-23T12:15:29","modified_gmt":"2017-03-23T11:15:29","slug":"oft-gestellte-fragen","status":"publish","type":"page","link":"https:\/\/www.hotellidocattolica.com\/de\/oft-gestellte-fragen\/","title":{"rendered":"Ferien in Cattolica, Adria-K\u00fcste: Sie fragen und wir antworten"},"content":{"rendered":"<p>&nbsp;<\/p>\n<p><span id=\"result_box\" class=\"\" lang=\"de\"><strong><span class=\"hps\">Wo befinden sich das Hotel?<\/span><\/strong><br \/>\n<span class=\"hps\">Das<\/span> <span class=\"hps\">Hotel befindet sich in<\/span> <span class=\"hps\">Viale Dante<\/span> <span class=\"hps\">an der Strandpromenade<\/span>\u00a0 <span class=\"hps\">Fu\u00dfg\u00e4ngerzone von Cattolica und<\/span> nur\u00a0<span class=\"hps\"> 70<\/span> <span class=\"hps\">Meter vom Meer<\/span> <span class=\"hps\">entfernt.<\/span><\/span><\/p>\n<p>&nbsp;<\/p>\n<p><span id=\"result_box\" class=\"\" lang=\"de\"><strong><span class=\"hps\">Wo kann ich<\/span> <span class=\"hps\">mein Auto parken?<\/span><\/strong><br \/>\n<span class=\"hps\">Das Hotel liegt<\/span> <span class=\"hps\">in einer<\/span> <span class=\"hps\">verkehrsberuhigten Zone\u00a0<\/span> <span class=\"hps\">hat\u00a0 ein paar<\/span> <span class=\"hps\">verf\u00fcgbare Parkplaetze<\/span> <span class=\"hps\">(nur<\/span> <span class=\"hps\">6 Posten<\/span> <span class=\"hps\">gegen Geb\u00fchr) hier<\/span>. A<span class=\"hps\">nsonsten<\/span> <span class=\"hps\">haben wir einen Parkplatz<\/span> <span class=\"hps\">etwa<\/span> <span class=\"hps\">1 km vom<\/span> <span class=\"\">Hotel entfernt mit\u00a0<\/span> <span class=\"hps\">Shuttle-Service ereichbar<\/span>, der <span class=\"hps\">von 07:00 bis<\/span> <span class=\"hps\">15<\/span>.00\u00a0<span class=\"hps\"> und<\/span> <span class=\"hps\">von 17.30 bis 23.00 Uhr<\/span> <span class=\"hps\">kostenlos<\/span> fuer Sie zur Verfuegung steht.<br \/>\n<\/span><\/p>\n<p>&nbsp;<\/p>\n<p><strong>Wenn ich mit dem Zug Anreise?<\/strong><br \/>\n<span id=\"result_box\" class=\"\" lang=\"de\"><span class=\"hps\">Kein Problem. Sie koennen ein Taxi <\/span><span class=\"hps\">nehmen ,<\/span><span class=\"\"> das<\/span> \u00a0<span class=\"hps\">etwa<\/span> <span class=\"hps\">\u20ac 13,00<\/span> kostet <span class=\"hps\">oder<\/span> Sie <span class=\"hps\">k\u00f6nnen den<\/span> <span class=\"hps\">kostenlosen Shuttle-Service<\/span> <span class=\"hps\">&#8222;Hotel<\/span>\u00a0 Lido benutzen<span class=\"hps\">.<\/span> <span class=\"hps\">Der Bahnhof ist<\/span> <span class=\"hps\">ca. 1 km vom Hotel entfernt und der Service muss bei der Reservierung bestellt werden.<\/span><\/span><\/p>\n<p><strong><span class=\"hps\">Ab wann kann man den Check-in<\/span> <span class=\"hps\">machen?<\/span><\/strong><\/p>\n<div id=\"gt-res-content\" class=\"almost_half_cell\">\n<div dir=\"ltr\"><span id=\"result_box\" class=\"\" lang=\"de\">Wir m\u00f6chten Sie nicht lange warten lassen und werden daf\u00fcr sorgen, Ihnen Ihr bestelltes Zimmer so schnell wie m\u00f6glich am Tag der Anreise zu \u00fcberlassen. Wenn Ihr Zimmer in der Vornacht nicht besetzt war, so k\u00f6nnen Sie bei Ihrer Ankunft am morgen sofort das Zimmer besetzen. Ansonsten \u00fcbergeben wir die Zimmer innerhalb 12.00 Uhr am Tag der anreise und am Tag der Abreise sollte das Zimmer bis 9.30 ger\u00e4umt werden.<br \/>\n<\/span><\/div>\n<\/div>\n<p><strong>Welche Art von Strand finde ich in Cattolica?<\/strong><br \/>\nUnser Strand ist breit und hat feinen Sand, sehr geeignet f\u00fcr Kinder mit niedrigen Zugang zum Meer. Am Strand finden Sie Unterhaltung, Schwimmbecken, Wellness Bereiche, Animation, Bar und vieles andere&#8230;<br \/>\nDas Hotel hat eine Vereinbarung mit zwei Str\u00e4nden: Lido delle Sirene und Bademeister Marcello. Sie k\u00f6nnen zwischen diesen beiden Str\u00e4nden w\u00e4hlen.( im All-Inclusive Packett\u00a0 ist Bademeister\u00a0 Marcello inbegriffen.).<\/p>\n<p><strong>Welche Dienstleitungen bieten Sie f\u00fcr unsere Kinder?<\/strong><br \/>\nDas Hotel bietet f\u00fcr seine kleinen G\u00e4ste jeden Komfort. Im Zimmer finden Sie Feldbetten oder Kinderbetten und Babybadewanne. ( nach Anfrage)<br \/>\nWir haben eine offene K\u00fcche 24h Stunden am Tag , Verf\u00fcgbar f\u00fcr alle M\u00fctter um Mahlzeiten\u00a0f\u00fcr Ihre Babys zuzubereiten. Sie k\u00f6nnen dort ihren Kindern in aller ruhe Mittag- und Abendessen geben\u00a0 oder ihr Kind bequem und in aller Ruhe stillen.<br \/>\n<strong>Wenn mein Kind eine Nahrungsmittelallergie oder Z\u00f6liakie ist?<\/strong><br \/>\nWenn Sie spezielle Lebensmittel brachen k\u00f6nnen sie diese gerne mitbringen und in unserer kleinen K\u00fcche zubereiten oder wenn Sie m\u00f6chten macht es auch gerne unser K\u00fcchenchef fuer Sie.<\/p>\n<p>&nbsp;<\/p>\n<p><strong><span id=\"result_box\" class=\"\" lang=\"de\"><span class=\"hps alt-edited\"><span class=\"hps\">Wie funktioniert der<\/span> <span class=\"hps\">Mini-Club<\/span><span class=\"\">?<\/span><\/span><\/span><\/strong><\/p>\n<p><span id=\"result_box\" class=\"\" lang=\"de\"><span class=\"hps alt-edited\">Wir haben eine neue<\/span> <span class=\"hps alt-edited\">Entertainerin<\/span><strong>,<\/strong> die unsere kleinen <span class=\"hps\">G\u00e4ste<\/span> <span class=\"hps\">den ganzen Sommer \u00fcber<\/span>\u00a0<span class=\"hps alt-edited\">Gesellschaft halten wird. Sie wird Ihre Kinder <\/span> <span class=\"hps\">unterhalten<\/span> und\u00a0 mit jeder art von spielen <span class=\"hps\">\u00fcberraschen somit <\/span><span class=\"hps\">die kleinen sich gut <\/span><span class=\"hps\">integrieren koennen und Sie in Ruhe Abendessen koennen.<br \/>\n<\/span><\/span><\/p>\n<p>&nbsp;<\/p>\n<p><span id=\"result_box\" class=\"\" lang=\"de\"><strong><span class=\"hps\">Wann ist das<\/span><span class=\"hps\"> Restaurant<\/span> geoeffnet?<\/strong><br \/>\n<span class=\"hps\">Fr\u00fchst\u00fcck wird von 07:30<\/span> <span class=\"hps\">bis 09:30 Uhr<\/span> serviert.<br \/>\n<span class=\"hps\">Das Mittagessen<\/span> <span class=\"hps\">beginnt<\/span> <span class=\"hps\">12.30 Uhr bis 13.30 Uhr<\/span> <span class=\"hps\">und Abendessen<\/span> <span class=\"hps\">von 19:30<\/span> <span class=\"hps\">bis 20:30 Uhr<\/span>.<\/span><\/p>\n<p>&nbsp;<\/p>\n<div id=\"gt-res-content\" class=\"almost_half_cell\">\n<div dir=\"ltr\"><span id=\"result_box\" class=\"\" lang=\"de\"><strong><span class=\"hps\">Welche Art von<\/span> <span class=\"hps\">Service bietet<\/span> <span class=\"hps\">das Restaurant<\/span><span class=\"\">?<\/span><\/strong><br \/>\n<span class=\"hps\">Mittag- und Abendessen<\/span> <span class=\"hps\">erwartet Sie ein reichhaltiges<\/span> <span class=\"hps\">Buffet mit kalten und warmen Vorspeisen und<\/span> <span class=\"hps\">Gem\u00fcse und<\/span> <span class=\"hps\">Sie koennen zwischen 3 menu ( Fleisch oder Fisch) fuer jede Mahlzeit waehlen<\/span><span class=\"hps\">.<\/span><br \/>\n<\/span><\/div>\n<div dir=\"ltr\">Am Abend haben wir ein Dessert Buffet mit Torten, Kuchen und frischen Obst.<\/div>\n<\/div>\n<p>&nbsp;<\/p>\n<p><strong>Werden kleine Haustiere akzeptiert?<\/strong><br \/>\nWir akzeptieren Kleintiere nach Geb\u00fchr und Sie m\u00fcssen die folgenden Regeln beachten:<br \/>\nDas Tier hat kein Zugang in das Restaurant. In den \u00f6ffentlichen Bereichen m\u00fcssen Hunde an der Leine sein, und wenn es Notwendig ist, mit Maulkorb. Im Zimmer darf das Tier w\u00e4hrend der Reinigung nicht anwesend sein. Nur einige Bademeister akzeptieren Tiere am Strand. Wir bitten Sie daher sich fr\u00fchzeitig zu erkundigen.<br \/>\n<strong>Was passiert, wenn Sie die Reservierung stornieren?<\/strong><br \/>\nIm Falle einer Stornierung wird Ihre Anzahlung verfallen. Sie k\u00f6nnen sie jedoch im laufe des Jahres mit einer anderen Reservierung in einen unseren Hotels zur\u00fcckgewinnen.<\/p>\n<p>&nbsp;<\/p>\n<p><span id=\"result_box\" class=\"\" lang=\"de\"><strong><span class=\"hps\">Wenn<\/span> <span class=\"hps\">wir frueher als vereinbart abfahren?<\/span><\/strong><br \/>\n<span class=\"hps\">Im<\/span> <span class=\"hps\">Falle einer vorzeitigen Abreise<\/span> <span class=\"hps\">werden die Kosten f\u00fcr<\/span> <span class=\"hps\">3 Tage<\/span> <span class=\"hps\">Uebernachtung berechnet.<\/span><\/span><\/p>\n<p>&nbsp;<\/p>\n<p><strong>Wie kann ich bezahlen?<\/strong><br \/>\nSie k\u00f6nnen mit Scheck, Kreditkarte oder Bar bezahlen, wenn der Betrag nicht \u20ac 1.000,00 \u00fcberschreitet. Wenn Sie alles bei Ankunft in Cash bezahlen m\u00f6chten, erhalten Sie einen Rabatt von 3% auf den Gesamtbetrag.<\/p>\n<p>&nbsp;<\/p>\n<p><strong>Se c\u2019\u00e8 una ricorrenza in famiglia, proponete qualcosa?<\/strong><br \/>\nI festeggiati saranno i benvenuti e verranno accolti con una torta in omaggio dalla casa, prendendo una bottiglia di spumante Berlucchi o Ferrari al prezzo di Euro 25,00. Inoltre proponiamo un men\u00f9 extra con un piccolo supplemento, il tutto concordato in anticipo con la Reception.<\/p>\n<p>&nbsp;<\/p>\n<p><strong>Welche Art von Unterhaltung finde ich im Hotel?<\/strong><br \/>\nUnser Hotel verf\u00fcgt \u00fcber zwei spezielle Abende, am Mittwoch mit dem typischen Romagnoler &#8220; Men\u00fc mit Fladenbrot, das auf der Terrasse zubereitet wird, tolles Dessert Buffet direkt auf der Via Dante mit Geb\u00e4ck, Fr\u00fcchte und Sekt. Am Freitag, &#8222;Gala-Dinner&#8220; mit Fisch oder Fleisch Men\u00fc,begleitet von Kerzenlicht und sanfter Musik.<\/p>\n<p>&nbsp;<\/p>\n<p><strong>Alle Zimmer verf\u00fcgen \u00fcber ein eigenes Bad?<\/strong><br \/>\nJa, alle Zimmer verf\u00fcgen \u00fcber ein eigenes Bad mit Dusche oder Badewanne. Sind\u00a0 finden Handt\u00fccher, Seife, Duschgel, Haarkappe und Haartrockner.<\/p>\n<p>&nbsp;<\/p>\n<p><span id=\"result_box\" class=\"\" lang=\"de\"><strong><span class=\"hps\">Vom\u00a0 Zimmer<\/span> <span class=\"hps\">kann ich <\/span>mich <span class=\"hps\">mit Internet verbinden<\/span><span class=\"\">?<\/span><\/strong><br \/>\n<span class=\"hps\">das <\/span><span class=\"hps\">Hotel<\/span> <span class=\"hps\">bietet<\/span> <span class=\"hps\">Wi-Fi<\/span> <span class=\"hps\">kostenlos und unbegrenzt<\/span> <span class=\"hps\">verf\u00fcgbar auch vom Zimmer<\/span> <span class=\"hps\">und den \u00f6ffentlichen Bereiche<\/span>n.<\/span><\/p>\n<p>&nbsp;<\/p>\n<p><strong>Alle <span id=\"result_box\" class=\"\" lang=\"de\"><span class=\"hps\">Etagen des Hotels<\/span> <span class=\"hps\">sind<\/span> <span class=\"hps\">mit dem Aufzug erreichbar<\/span>?<br \/>\n<\/span><\/strong><span id=\"result_box\" class=\"\" lang=\"de\"><span class=\"hps\">Ja, alle<\/span><\/span><span id=\"result_box\" class=\"\" lang=\"de\"> <span class=\"hps\">Etagen sind mit dem<\/span> <span class=\"hps\">Aufzug erreichbar.<\/span> <span class=\"hps\">Die einzige Ausnahme ist die\u00a0<\/span> <span class=\"hps\">Suite<\/span> <span class=\"hps\">Paolo und Francesca<\/span>, die man zu Fuss ereichen muss!<\/span><\/p>\n<p>&nbsp;<\/p>\n<p><span id=\"result_box\" class=\"\" lang=\"de\"><strong><span class=\"hps\">Kinderbetten<\/span> <span class=\"hps\">f\u00fcr Kinder sind vorhanden<\/span>?<\/strong><br \/>\n<span class=\"hps\">Kinderbetten<\/span> <span class=\"hps\">sind auf Anfrage erh\u00e4ltlich<\/span> und\u00a0 <span class=\"hps\">haben einen<\/span> <span class=\"hps\">Aufpreis von \u20ac<\/span> <span class=\"hps\">15,00 pro Tag<\/span><\/span>.<\/p>\n<p>&nbsp;<\/p>\n<div id=\"gt-res-content\" class=\"almost_half_cell\">\n<div dir=\"ltr\"><span id=\"result_box\" class=\"\" lang=\"de\"><strong><span class=\"hps\">Gibt es eine Bar<\/span> <span class=\"hps\">im Hotel<\/span>?<\/strong><br \/>\n<span class=\"hps\">Ja, wir haben<\/span> <span class=\"hps\">eine<\/span> <span class=\"hps\">Bar<\/span> <span class=\"hps\">die 24 Stunden immer geoeffnet ist.<\/span><\/span><\/div>\n<\/div>\n<p>&nbsp;<\/p>\n<p><span id=\"result_box\" class=\"\" lang=\"de\"><strong><span class=\"hps\">Wenn ich<\/span> <span class=\"hps\">fr\u00fch am Morgen<\/span> <span class=\"hps\">anreise<\/span>, <span class=\"hps\">kann ich<\/span> mein<span class=\"hps\"> Gep\u00e4ck<\/span> <span class=\"hps\">im Hotel lassen<\/span> <span class=\"hps\">und<\/span> <span class=\"hps\">an den Strand gehen<\/span>?<\/strong><br \/>\n<span class=\"hps\">Sicherlich!<\/span> <span class=\"hps\">Sie k\u00f6nnen die<\/span> <span class=\"hps\">Zimmer<\/span> <span class=\"hps\">bei Ihrer R\u00fcckkehr<\/span> <span class=\"hps\">vom\u00a0 Meer<\/span> <span class=\"hps\">uebernehmen.<\/span><\/span><\/p>\n<p>&nbsp;<\/p>\n<p><strong>Um w<\/strong><span id=\"result_box\" class=\"\" lang=\"de\"><strong><span class=\"hps\">elche<\/span> <span class=\"hps\">Zeit schliest das Hotel in der Nacht<\/span>?<\/strong><br \/>\n<span class=\"hps\">Das Hotel ist<\/span> <span class=\"hps\">24 Stunden geoeffnet.<\/span><\/span><\/p>\n<p>&nbsp;<\/p>\n<p><span id=\"result_box\" class=\"\" lang=\"de\"><strong><span class=\"hps\">Wie kann ich<\/span> <span class=\"hps\">buchen?<\/span><\/strong><br \/>\n<span class=\"hps\">Zum Buchen<\/span> <span class=\"hps\">rufen Sie einfach<\/span> <span class=\"hps\">unter dieser Nummer an:<\/span> <span class=\"hps\">0541 954273<\/span> <span class=\"hps\">oder senden Sie uns einfach eine E<\/span>-Mail <span class=\"\">um die Verf\u00fcgbarkeit<\/span> <span class=\"hps\">f\u00fcr den betreffenden Zeitraum<\/span> <span class=\"hps\">zu erstellen. Unsere Angesellte wird sie so schnell wie moeglich kontaktieren. <\/span><\/span><\/p>\n","protected":false},"excerpt":{"rendered":"<p>&nbsp; Wo befinden sich das Hotel? Das Hotel befindet sich in Viale Dante an der Strandpromenade\u00a0 Fu\u00dfg\u00e4ngerzone von Cattolica und nur\u00a0 70 Meter vom Meer entfernt. &nbsp; Wo kann ich mein Auto parken? Das Hotel liegt in einer verkehrsberuhigten Zone\u00a0 hat\u00a0 ein paar verf\u00fcgbare Parkplaetze (nur 6 Posten gegen Geb\u00fchr) hier. Ansonsten haben wir einen [&hellip;]<\/p>\n","protected":false},"author":3,"featured_media":0,"parent":0,"menu_order":0,"comment_status":"closed","ping_status":"closed","template":"","meta":{"_acf_changed":false},"class_list":["post-481","page","type-page","status-publish"],"acf":[],"aioseo_notices":[],"_links":{"self":[{"href":"https:\/\/www.hotellidocattolica.com\/de\/wp-json\/wp\/v2\/pages\/481","targetHints":{"allow":["GET"]}}],"collection":[{"href":"https:\/\/www.hotellidocattolica.com\/de\/wp-json\/wp\/v2\/pages"}],"about":[{"href":"https:\/\/www.hotellidocattolica.com\/de\/wp-json\/wp\/v2\/types\/page"}],"author":[{"embeddable":true,"href":"https:\/\/www.hotellidocattolica.com\/de\/wp-json\/wp\/v2\/users\/3"}],"replies":[{"embeddable":true,"href":"https:\/\/www.hotellidocattolica.com\/de\/wp-json\/wp\/v2\/comments?post=481"}],"version-history":[{"count":0,"href":"https:\/\/www.hotellidocattolica.com\/de\/wp-json\/wp\/v2\/pages\/481\/revisions"}],"wp:attachment":[{"href":"https:\/\/www.hotellidocattolica.com\/de\/wp-json\/wp\/v2\/media?parent=481"}],"curies":[{"name":"wp","href":"https:\/\/api.w.org\/{rel}","templated":true}]}}