{"id":472,"date":"2014-02-16T08:00:10","date_gmt":"2014-02-16T07:00:10","guid":{"rendered":"https:\/\/www.hotellidocattolica.com\/baby-room-2\/"},"modified":"2017-03-17T19:22:08","modified_gmt":"2017-03-17T18:22:08","slug":"kinder-ferien-cattolica-adria","status":"publish","type":"page","link":"https:\/\/www.hotellidocattolica.com\/de\/kinder-ferien-cattolica-adria\/","title":{"rendered":"Urlaub mit den Kindern an der Adria: Baby Room"},"content":{"rendered":"<h2>Animation, men\u00fcs f\u00fcr Kinder und viele Dienstleistungen f\u00fcr M\u00fctter:<\/h2>\n<h3>Babyzimmer<\/h3>\n<p><span class=\"hps\">Mit diesem neuen<\/span> <span class=\"hps\">Raum,<\/span> <span class=\"hps\">ma\u00dfgeschneidert<\/span> <span class=\"hps\">f\u00fcr unsere kleinen G\u00e4ste, koennen Sie Ihren<\/span> <span class=\"hps\">Urlaub<\/span> frei gestalten.\u00a0<span class=\"hps\">Ihre Kinder<\/span> spielen in <span class=\"hps\">Ruhe, waehrend\u00a0 Sie<\/span> <span class=\"hps\">in der Lage sind,<\/span> <span class=\"hps\">ein paar wohlverdiente Stunden <\/span> <span class=\"hps\">zu genie\u00dfen.<\/span> E<span class=\"hps\">ine gro\u00dfe<\/span> <span class=\"hps\">Auswahl an<\/span> <span class=\"hps\">Kinderwagen <span class=\"hps atn\">sind kostenlos v<\/span>erf\u00fcgbar <\/span>!&lt;<\/p>\n\n\t\t<style type=\"text\/css\">\n\t\t\t#gallery-1 {\n\t\t\t\tmargin: auto;\n\t\t\t}\n\t\t\t#gallery-1 .gallery-item {\n\t\t\t\tfloat: left;\n\t\t\t\tmargin-top: 10px;\n\t\t\t\ttext-align: center;\n\t\t\t\twidth: 33%;\n\t\t\t}\n\t\t\t#gallery-1 img {\n\t\t\t\tborder: 2px solid #cfcfcf;\n\t\t\t}\n\t\t\t#gallery-1 .gallery-caption {\n\t\t\t\tmargin-left: 0;\n\t\t\t}\n\t\t\t\/* see gallery_shortcode() in wp-includes\/media.php *\/\n\t\t<\/style>\n\t\t<div id='gallery-1' class='gallery galleryid-472 gallery-columns-3 gallery-size-thumbnail'><dl class='gallery-item'>\n\t\t\t<dt class='gallery-icon landscape'>\n\t\t\t\t<a href='https:\/\/www.hotellidocattolica.com\/wp-content\/uploads\/2014\/03\/baby-room.jpg' data-rel=\"shadowbox[gallery]\"><img loading=\"lazy\" decoding=\"async\" width=\"214\" height=\"186\" src=\"https:\/\/www.hotellidocattolica.com\/wp-content\/uploads\/2014\/03\/baby-room-214x186.jpg\" class=\"attachment-thumbnail size-thumbnail\" alt=\"Hotel Cattolica sevizi bambini\" \/><\/a>\n\t\t\t<\/dt><\/dl><dl class='gallery-item'>\n\t\t\t<dt class='gallery-icon landscape'>\n\t\t\t\t<a href='https:\/\/www.hotellidocattolica.com\/wp-content\/uploads\/2014\/03\/baby-room2.jpg' data-rel=\"shadowbox[gallery]\"><img loading=\"lazy\" decoding=\"async\" width=\"214\" height=\"186\" src=\"https:\/\/www.hotellidocattolica.com\/wp-content\/uploads\/2014\/03\/baby-room2-214x186.jpg\" class=\"attachment-thumbnail size-thumbnail\" alt=\"Hotel Cattolica per bambini\" \/><\/a>\n\t\t\t<\/dt><\/dl><dl class='gallery-item'>\n\t\t\t<dt class='gallery-icon landscape'>\n\t\t\t\t<a href='https:\/\/www.hotellidocattolica.com\/wp-content\/uploads\/2014\/03\/baby-room3.jpg' data-rel=\"shadowbox[gallery]\"><img loading=\"lazy\" decoding=\"async\" width=\"214\" height=\"186\" src=\"https:\/\/www.hotellidocattolica.com\/wp-content\/uploads\/2014\/03\/baby-room3-214x186.jpg\" class=\"attachment-thumbnail size-thumbnail\" alt=\"Hotel Lido Cattolica giochi bambini\" \/><\/a>\n\t\t\t<\/dt><\/dl><br style=\"clear: both\" \/>\n\t\t<\/div>\n\n<h3>Neuigkeiten<\/h3>\n<p><span id=\"result_box\" class=\"\" lang=\"de\"><span class=\"hps alt-edited\">Wir haben eine <strong>neue<\/strong><\/span><strong> <span class=\"hps alt-edited\">Entertainerin<\/span>,<\/strong> die unsere kleinen <span class=\"hps\">G\u00e4ste<\/span> <span class=\"hps\">den ganzen Sommer \u00fcber<\/span>\u00a0<span class=\"hps alt-edited\">Gesellschaft halten wird. Sie wird Ihre Kinder <\/span> <span class=\"hps\">unterhalten<\/span> und\u00a0 mit jeder art von spielen <span class=\"hps\">\u00fcberraschen somit <\/span><span class=\"hps\">die kleinen sich gut <\/span><span class=\"hps\">integrieren koennen.<\/span><\/span><\/p>\n<h3><span id=\"result_box\" class=\"short_text\" lang=\"de\"><span class=\"hps\">Animation<\/span> <span class=\"hps\">f\u00fcr Kinder<\/span><\/span><\/h3>\n<p align=\"CENTER\"><span style=\"font-size: small;\"><span id=\"result_box\" class=\"short_text\" lang=\"de\"><span class=\"hps\">WOCHENPROGRAMM<\/span><\/span><\/span><\/p>\n<p align=\"CENTER\"><span style=\"font-size: small;\"><b>Stundenplan von 8:30 bis 10:00 <span id=\"result_box\" class=\"short_text\" lang=\"de\"><span class=\"hps\">Fr\u00fchst\u00fcck<\/span> <span class=\"hps alt-edited\">mit den Zeichentrick &#8211; Figuren<\/span><\/span> (Montag und Freitag)<br \/>\nvon 12:30 bis 15:00<br \/>\nvon 19:30 bis 22:00<br \/>\nP.S. bei Regenwetter von 10:00 bis 13:00 und von 16:00 bis 21:00<\/b><\/span><\/p>\n<div align=\"RIGHT\">\n<table border=\"1\" width=\"970\" cellspacing=\"0\" cellpadding=\"4\">\n<colgroup>\n<col width=\"129\" \/>\n<col width=\"130\" \/>\n<col width=\"131\" \/>\n<col width=\"131\" \/>\n<col width=\"131\" \/>\n<col width=\"131\" \/>\n<col width=\"129\" \/> <\/colgroup>\n<tbody>\n<tr valign=\"TOP\">\n<td width=\"129\"><span style=\"font-size: small;\">Montag<\/span><\/td>\n<td width=\"130\"><span style=\"font-size: small;\">Dienstag<\/span><\/td>\n<td width=\"131\"><span style=\"font-size: small;\">Mittwoch<\/span><\/td>\n<td width=\"131\"><span style=\"font-size: small;\">Donnerstag<\/span><\/td>\n<td width=\"131\"><span style=\"font-size: small;\">Freitag<\/span><\/td>\n<td width=\"131\"><span style=\"font-size: small;\">Samstag<\/span><\/td>\n<td width=\"129\"><span style=\"font-size: small;\">Sonntag<\/span><\/td>\n<\/tr>\n<tr valign=\"TOP\">\n<td width=\"129\" height=\"44\"><span style=\"font-size: small;\">Fruehstueck mit Comics Figuren und Bombons<br \/>\n<\/span><\/td>\n<td width=\"130\"><span style=\"font-size: small;\"><span id=\"result_box\" class=\"short_text\" lang=\"de\"><span class=\"hps\">Kreative<\/span> <span class=\"hps\">Malerei und<\/span> mit <span class=\"hps\">Aufgaben<\/span><\/span><\/span><\/td>\n<td width=\"131\"><span style=\"font-size: small;\">Wir machen Fladenbrot<br \/>\n<\/span><\/td>\n<td width=\"131\"><span style=\"font-size: small;\"><span id=\"result_box\" class=\"short_text\" lang=\"de\"><span class=\"hps\">Gruppen &#8211; und Brettspiele<\/span>\u00a0 <\/span><\/span><\/td>\n<td width=\"131\"><span style=\"font-size: small;\">Fruehstueck mit Comics Figuren und Bombons<br \/>\n<\/span><\/td>\n<td width=\"131\"><span style=\"font-size: small;\">Herzlich Willkommen<br \/>\n<\/span><\/td>\n<td width=\"129\"><span style=\"font-size: small;\"><span id=\"result_box\" class=\"short_text\" lang=\"de\"><span class=\"hps alt-edited\">Wir entwickeln<\/span> <span class=\"hps\">gemeinsam<\/span> <span class=\"hps\">die pers\u00f6nlichen<\/span> <span class=\"hps\">Ordner!<\/span><\/span><\/span><\/td>\n<\/tr>\n<tr valign=\"TOP\">\n<td width=\"129\"><span style=\"font-size: small;\"><span id=\"result_box\" class=\"short_text\" lang=\"de\"><span class=\"hps\">Viele<\/span> <span class=\"hps\">Farben und Designs.<\/span><\/span><\/span><\/td>\n<td width=\"130\"><span style=\"font-size: small;\">Baby Dance: Viel Spass<br \/>\n<\/span><\/td>\n<td width=\"131\"><span style=\"font-size: small;\"><span id=\"result_box\" class=\"short_text\" lang=\"de\"><span class=\"hps alt-edited\">Wir entwickeln<\/span> <span class=\"hps\">Armb\u00e4nder und Halsketten<\/span><\/span><\/span><\/td>\n<td width=\"131\"><span style=\"font-size: small;\">Face panting:wir bemalen das Gesicht und verkleiden uns<br \/>\n<\/span><\/td>\n<td width=\"131\"><span style=\"font-size: small;\"><span id=\"result_box\" class=\"short_text\" lang=\"de\"><span class=\"hps\">Wir essen<\/span> <span class=\"hps\">gemeinsam mit unser Aufsicht im<\/span> <span class=\"hps\">Baby Room<\/span><\/span><\/span><\/td>\n<td width=\"131\"><span style=\"font-size: small;\">Nutella Party<\/span><\/td>\n<td width=\"129\"><span style=\"font-size: small;\"><span id=\"result_box\" class=\"short_text\" lang=\"de\"><span class=\"hps\">Video Abend<\/span>\u00a0 <span class=\"hps\">mit Chips<\/span> <span class=\"hps\">und Softdrinks<\/span><span class=\"\">!<\/span><\/span><\/span><\/td>\n<\/tr>\n<\/tbody>\n<\/table>\n<\/div>\n<table border=\"1\" width=\"4369\" cellspacing=\"0\" cellpadding=\"4\">\n<colgroup>\n<col width=\"4359\" \/> <\/colgroup>\n<tbody>\n<tr>\n<td valign=\"TOP\" width=\"4359\"><span style=\"font-size: small;\"><span id=\"result_box\" class=\"\" lang=\"de\"><span class=\"hps\">Das folgende Programm ist<\/span> nicht<span class=\"hps\"> eindeutig<\/span> und kann <span class=\"hps\">waehrend der <\/span><span class=\"hps\">Woche geaendert werden.<\/span><\/span><\/span><\/td>\n<\/tr>\n<\/tbody>\n<\/table>\n<p>&nbsp;<\/p>\n<h3><span class=\"\" lang=\"de\"><span style=\"font-size: 14pt;\"><strong><span class=\"hps\">Babyspeise<\/span><\/strong><\/span><\/span><\/h3>\n<p><span style=\"font-size: 12pt;\"><span class=\"hps\">Verf\u00fcgbar f\u00fcr alle<\/span> <span class=\"hps\">M\u00fctter<\/span> <span class=\"hps\">ein gro\u00dfer Raum<\/span> <span class=\"hps\">mit K\u00fcche\u00a0<\/span> um Mahlzeiten\u00a0<span class=\"hps\">f\u00fcr<\/span> Ihre Babys zuzubereiten. Sie koennen dort\u00a0 ihren Kindern in aller<span class=\"hps\">\u00a0 ruhe<\/span>\u00a0<span class=\"hps\">Mittag- und Abendessen<\/span> geben\u00a0 <span class=\"hps\">oder<\/span>\u00a0 <span class=\"hps\">ihr Kind bequem und<\/span> <span class=\"hps\">in aller Ruhe<\/span> <span class=\"hps\">stillen<\/span>.<\/span><\/p>\n<div id=\"gt-res-content\" class=\"almost_half_cell\">\n<p dir=\"ltr\"><span id=\"result_box\" class=\"\" lang=\"de\" style=\"font-size: 12pt;\"><span class=\"hps\">Hier finden Sie immer<\/span> <span class=\"hps\">bereit<\/span>: Teller, <span class=\"hps\">Gl\u00e4ser und Baby Besteck<\/span> <span class=\"hps\">,<\/span> <span class=\"hps\">L\u00e4tzchen<\/span> <span class=\"hps\">und Einwegsets<\/span><span class=\"\">, T\u00f6pfe,<\/span> <span class=\"hps\">Mikrowelle, K\u00fchlschrank,<\/span> <span class=\"hps\">Sterilisator<\/span>, Flaschenw\u00e4rmer, <span class=\"hps\">bequeme St\u00fchle<\/span> <span class=\"hps\">und Schliess Schr\u00e4nke<\/span> wenn Sie Ihre <span class=\"hps\">Babynahrung<\/span> <span class=\"hps\">immer griffbereit<\/span> <span class=\"hps\">halten m\u00f6chten.<\/span><br \/>\n<span class=\"hps\">Wenn Sie es w\u00fcnschen<\/span>, <span class=\"hps\">wird<\/span> <span class=\"hps\">unser K\u00fcchenchef<\/span> <span class=\"hps\">f\u00fcr Sie<\/span> <span class=\"hps\">t\u00e4glich<\/span> <span class=\"hps\">Gem\u00fcsebr\u00fchen<\/span> <span class=\"hps\">und<\/span> <span class=\"hps\">Gem\u00fcsesuppe<\/span>n <span class=\"hps\">f\u00fcr <\/span>Ihren Kinderbrei\u00a0 frisch vorbereiten<span class=\"hps\">,und\u00a0f\u00fcr Kleinkinder die schon Nudeln essen,<\/span> <span class=\"hps\">Tomatensauce<\/span> und <span class=\"hps\">gegrilltes Steak<\/span> <span class=\"hps\">oder<\/span> <span class=\"hps\">Kotelett. ( zu bestellen auf dem Kinder Menu)<\/span><\/span><\/p>\n<\/div>\n\n\t\t<style type=\"text\/css\">\n\t\t\t#gallery-2 {\n\t\t\t\tmargin: auto;\n\t\t\t}\n\t\t\t#gallery-2 .gallery-item {\n\t\t\t\tfloat: left;\n\t\t\t\tmargin-top: 10px;\n\t\t\t\ttext-align: center;\n\t\t\t\twidth: 33%;\n\t\t\t}\n\t\t\t#gallery-2 img {\n\t\t\t\tborder: 2px solid #cfcfcf;\n\t\t\t}\n\t\t\t#gallery-2 .gallery-caption {\n\t\t\t\tmargin-left: 0;\n\t\t\t}\n\t\t\t\/* see gallery_shortcode() in wp-includes\/media.php *\/\n\t\t<\/style>\n\t\t<div id='gallery-2' class='gallery galleryid-472 gallery-columns-3 gallery-size-thumbnail'><dl class='gallery-item'>\n\t\t\t<dt class='gallery-icon landscape'>\n\t\t\t\t<a href='https:\/\/www.hotellidocattolica.com\/wp-content\/uploads\/2014\/03\/babyroom11.jpg' data-rel=\"shadowbox[gallery]\"><img loading=\"lazy\" decoding=\"async\" width=\"214\" height=\"186\" src=\"https:\/\/www.hotellidocattolica.com\/wp-content\/uploads\/2014\/03\/babyroom11-214x186.jpg\" class=\"attachment-thumbnail size-thumbnail\" alt=\"Hotel Lido Cattolica baby room\" \/><\/a>\n\t\t\t<\/dt><\/dl><dl class='gallery-item'>\n\t\t\t<dt class='gallery-icon landscape'>\n\t\t\t\t<a href='https:\/\/www.hotellidocattolica.com\/wp-content\/uploads\/2014\/03\/baby-room5.jpg' data-rel=\"shadowbox[gallery]\"><img loading=\"lazy\" decoding=\"async\" width=\"214\" height=\"186\" src=\"https:\/\/www.hotellidocattolica.com\/wp-content\/uploads\/2014\/03\/baby-room5-214x186.jpg\" class=\"attachment-thumbnail size-thumbnail\" alt=\"Hotel Lido Cattolica giochi per bambini\" \/><\/a>\n\t\t\t<\/dt><\/dl><dl class='gallery-item'>\n\t\t\t<dt class='gallery-icon landscape'>\n\t\t\t\t<a href='https:\/\/www.hotellidocattolica.com\/wp-content\/uploads\/2014\/03\/babyroom2.jpg' data-rel=\"shadowbox[gallery]\"><img loading=\"lazy\" decoding=\"async\" width=\"214\" height=\"186\" src=\"https:\/\/www.hotellidocattolica.com\/wp-content\/uploads\/2014\/03\/babyroom2-214x186.jpg\" class=\"attachment-thumbnail size-thumbnail\" alt=\"Hotel Lido Cattolica giochi per bambini\" \/><\/a>\n\t\t\t<\/dt><\/dl><br style=\"clear: both\" \/>\n\t\t<\/div>\n\n<p><span id=\"result_box\" class=\"\" lang=\"de\"><span class=\"hps\">Viele<\/span> <span class=\"hps\">Dienstleistungen f\u00fcr Sie und Ihre Kinder!<\/span> Erfodern sie bei der<span class=\"hps\"> Buchung<\/span>: Campingbetten <span class=\"hps\">,<\/span> <span class=\"hps\">Sicherheitsgel\u00e4nder<\/span>, Badewannen, <span class=\"hps\">Lichterketten<\/span> <span class=\"hps\">f\u00fcr die Nacht.<\/span> <span class=\"hps\">Unsere Haush\u00e4lterin<\/span> <span class=\"hps\">organisiert<\/span> <span class=\"hps\">alles f\u00fcr Sie und bei Ihrer Ankunft finden sie schon jede Nachfrage in Ihrem Zimmer !<\/span><\/span><\/p>\n","protected":false},"excerpt":{"rendered":"<p>Animation, men\u00fcs f\u00fcr Kinder und viele Dienstleistungen f\u00fcr M\u00fctter: Babyzimmer Mit diesem neuen Raum, ma\u00dfgeschneidert f\u00fcr unsere kleinen G\u00e4ste, koennen Sie Ihren Urlaub frei gestalten.\u00a0Ihre Kinder spielen in Ruhe, waehrend\u00a0 Sie in der Lage sind, ein paar wohlverdiente Stunden zu genie\u00dfen. Eine gro\u00dfe Auswahl an Kinderwagen sind kostenlos verf\u00fcgbar !&lt; Neuigkeiten Wir haben eine neue [&hellip;]<\/p>\n","protected":false},"author":3,"featured_media":0,"parent":0,"menu_order":0,"comment_status":"closed","ping_status":"closed","template":"","meta":{"_acf_changed":false},"class_list":["post-472","page","type-page","status-publish"],"acf":[],"aioseo_notices":[],"_links":{"self":[{"href":"https:\/\/www.hotellidocattolica.com\/de\/wp-json\/wp\/v2\/pages\/472","targetHints":{"allow":["GET"]}}],"collection":[{"href":"https:\/\/www.hotellidocattolica.com\/de\/wp-json\/wp\/v2\/pages"}],"about":[{"href":"https:\/\/www.hotellidocattolica.com\/de\/wp-json\/wp\/v2\/types\/page"}],"author":[{"embeddable":true,"href":"https:\/\/www.hotellidocattolica.com\/de\/wp-json\/wp\/v2\/users\/3"}],"replies":[{"embeddable":true,"href":"https:\/\/www.hotellidocattolica.com\/de\/wp-json\/wp\/v2\/comments?post=472"}],"version-history":[{"count":0,"href":"https:\/\/www.hotellidocattolica.com\/de\/wp-json\/wp\/v2\/pages\/472\/revisions"}],"wp:attachment":[{"href":"https:\/\/www.hotellidocattolica.com\/de\/wp-json\/wp\/v2\/media?parent=472"}],"curies":[{"name":"wp","href":"https:\/\/api.w.org\/{rel}","templated":true}]}}