{"id":1087,"date":"2018-06-26T10:05:38","date_gmt":"2018-06-26T08:05:38","guid":{"rendered":"https:\/\/www.hotellidocattolica.com\/nuova-camera-piccolo-nido-damore\/"},"modified":"2018-06-27T09:31:51","modified_gmt":"2018-06-27T07:31:51","slug":"das-kleine-liebesnest-zimmer","status":"publish","type":"page","link":"https:\/\/www.hotellidocattolica.com\/de\/das-kleine-liebesnest-zimmer\/","title":{"rendered":"Das &#8222;Kleine Liebesnest&#8220; Zimmer"},"content":{"rendered":"<p><strong>Das &#8222;kleine Liebesnest&#8220; Zimmer<\/strong> ist f\u00fcr junge Kunden gedacht, die Privatsph\u00e4re lieben, wo sie den ganzen Tag mit ihren Liebsten verbringen k\u00f6nnen.<\/p>\n<p>Mit gro\u00dfen Au\u00dfenbereichen, mit einer Hydromassage-Wanne mit Farbtherapie ausgestattet, f\u00fcr eine richtige Atmosph\u00e4re f\u00fcr Austern und Franciacorta.<\/p>\n\n\t\t<style type=\"text\/css\">\n\t\t\t#gallery-1 {\n\t\t\t\tmargin: auto;\n\t\t\t}\n\t\t\t#gallery-1 .gallery-item {\n\t\t\t\tfloat: left;\n\t\t\t\tmargin-top: 10px;\n\t\t\t\ttext-align: center;\n\t\t\t\twidth: 33%;\n\t\t\t}\n\t\t\t#gallery-1 img {\n\t\t\t\tborder: 2px solid #cfcfcf;\n\t\t\t}\n\t\t\t#gallery-1 .gallery-caption {\n\t\t\t\tmargin-left: 0;\n\t\t\t}\n\t\t\t\/* see gallery_shortcode() in wp-includes\/media.php *\/\n\t\t<\/style>\n\t\t<div id='gallery-1' class='gallery galleryid-1087 gallery-columns-3 gallery-size-thumbnail'><dl class='gallery-item'>\n\t\t\t<dt class='gallery-icon landscape'>\n\t\t\t\t<a href='https:\/\/www.hotellidocattolica.com\/wp-content\/uploads\/2018\/06\/nido_DSV8761.jpg' data-rel=\"shadowbox[gallery]\"><img loading=\"lazy\" decoding=\"async\" width=\"214\" height=\"186\" src=\"https:\/\/www.hotellidocattolica.com\/wp-content\/uploads\/2018\/06\/nido_DSV8761-214x186.jpg\" class=\"attachment-thumbnail size-thumbnail\" alt=\"Hotel Cattolica Rimini con camere moderne\" \/><\/a>\n\t\t\t<\/dt><\/dl><dl class='gallery-item'>\n\t\t\t<dt class='gallery-icon landscape'>\n\t\t\t\t<a href='https:\/\/www.hotellidocattolica.com\/wp-content\/uploads\/2018\/06\/nido_DSV8763.jpg' data-rel=\"shadowbox[gallery]\"><img loading=\"lazy\" decoding=\"async\" width=\"214\" height=\"186\" src=\"https:\/\/www.hotellidocattolica.com\/wp-content\/uploads\/2018\/06\/nido_DSV8763-214x186.jpg\" class=\"attachment-thumbnail size-thumbnail\" alt=\"Camere nuove Hotel Romagna\" \/><\/a>\n\t\t\t<\/dt><\/dl><dl class='gallery-item'>\n\t\t\t<dt class='gallery-icon portrait'>\n\t\t\t\t<a href='https:\/\/www.hotellidocattolica.com\/wp-content\/uploads\/2018\/06\/nido_DSV8764.jpg' data-rel=\"shadowbox[gallery]\"><img loading=\"lazy\" decoding=\"async\" width=\"214\" height=\"186\" src=\"https:\/\/www.hotellidocattolica.com\/wp-content\/uploads\/2018\/06\/nido_DSV8764-214x186.jpg\" class=\"attachment-thumbnail size-thumbnail\" alt=\"Hotel Riviera Romagnola con camere belle\" \/><\/a>\n\t\t\t<\/dt><\/dl><br style=\"clear: both\" \/><dl class='gallery-item'>\n\t\t\t<dt class='gallery-icon landscape'>\n\t\t\t\t<a href='https:\/\/www.hotellidocattolica.com\/wp-content\/uploads\/2018\/06\/nido_DSV8765.jpg' data-rel=\"shadowbox[gallery]\"><img loading=\"lazy\" decoding=\"async\" width=\"214\" height=\"186\" src=\"https:\/\/www.hotellidocattolica.com\/wp-content\/uploads\/2018\/06\/nido_DSV8765-214x186.jpg\" class=\"attachment-thumbnail size-thumbnail\" alt=\"Hotel Cattolica con terrazza vista mare\" \/><\/a>\n\t\t\t<\/dt><\/dl><dl class='gallery-item'>\n\t\t\t<dt class='gallery-icon landscape'>\n\t\t\t\t<a href='https:\/\/www.hotellidocattolica.com\/wp-content\/uploads\/2018\/06\/nido_DSV8766.jpg' data-rel=\"shadowbox[gallery]\"><img loading=\"lazy\" decoding=\"async\" width=\"214\" height=\"186\" src=\"https:\/\/www.hotellidocattolica.com\/wp-content\/uploads\/2018\/06\/nido_DSV8766-214x186.jpg\" class=\"attachment-thumbnail size-thumbnail\" alt=\"Hotel Cattolica con vasca idromassaggio in terrazza\" \/><\/a>\n\t\t\t<\/dt><\/dl><dl class='gallery-item'>\n\t\t\t<dt class='gallery-icon landscape'>\n\t\t\t\t<a href='https:\/\/www.hotellidocattolica.com\/wp-content\/uploads\/2018\/06\/nido_DSV8767.jpg' data-rel=\"shadowbox[gallery]\"><img loading=\"lazy\" decoding=\"async\" width=\"214\" height=\"186\" src=\"https:\/\/www.hotellidocattolica.com\/wp-content\/uploads\/2018\/06\/nido_DSV8767-214x186.jpg\" class=\"attachment-thumbnail size-thumbnail\" alt=\"Hotel con idromassaggio sul terrazzo\" \/><\/a>\n\t\t\t<\/dt><\/dl><br style=\"clear: both\" \/>\n\t\t<\/div>\n\n<p>&nbsp;<\/p>\n","protected":false},"excerpt":{"rendered":"<p>Das &#8222;kleine Liebesnest&#8220; Zimmer ist f\u00fcr junge Kunden gedacht, die Privatsph\u00e4re lieben, wo sie den ganzen Tag mit ihren Liebsten verbringen k\u00f6nnen. Mit gro\u00dfen Au\u00dfenbereichen, mit einer Hydromassage-Wanne mit Farbtherapie ausgestattet, f\u00fcr eine richtige Atmosph\u00e4re f\u00fcr Austern und Franciacorta. &nbsp;<\/p>\n","protected":false},"author":6,"featured_media":0,"parent":0,"menu_order":0,"comment_status":"closed","ping_status":"closed","template":"","meta":{"_acf_changed":false},"class_list":["post-1087","page","type-page","status-publish"],"acf":[],"aioseo_notices":[],"_links":{"self":[{"href":"https:\/\/www.hotellidocattolica.com\/de\/wp-json\/wp\/v2\/pages\/1087","targetHints":{"allow":["GET"]}}],"collection":[{"href":"https:\/\/www.hotellidocattolica.com\/de\/wp-json\/wp\/v2\/pages"}],"about":[{"href":"https:\/\/www.hotellidocattolica.com\/de\/wp-json\/wp\/v2\/types\/page"}],"author":[{"embeddable":true,"href":"https:\/\/www.hotellidocattolica.com\/de\/wp-json\/wp\/v2\/users\/6"}],"replies":[{"embeddable":true,"href":"https:\/\/www.hotellidocattolica.com\/de\/wp-json\/wp\/v2\/comments?post=1087"}],"version-history":[{"count":0,"href":"https:\/\/www.hotellidocattolica.com\/de\/wp-json\/wp\/v2\/pages\/1087\/revisions"}],"wp:attachment":[{"href":"https:\/\/www.hotellidocattolica.com\/de\/wp-json\/wp\/v2\/media?parent=1087"}],"curies":[{"name":"wp","href":"https:\/\/api.w.org\/{rel}","templated":true}]}}